{"id":1111,"date":"2021-06-10T05:08:16","date_gmt":"2021-06-10T05:08:16","guid":{"rendered":"https:\/\/ucemtepic.edu.mx\/?page_id=1111"},"modified":"2022-08-13T19:50:40","modified_gmt":"2022-08-13T19:50:40","slug":"quienes-somos-2","status":"publish","type":"page","link":"https:\/\/ucemtepic.edu.mx\/","title":{"rendered":"\u00bfQui\u00e9nes somos?"},"content":{"rendered":"\t\t<div data-elementor-type=\"wp-page\" data-elementor-id=\"1111\" class=\"elementor elementor-1111\" data-elementor-settings=\"[]\">\n\t\t\t\t\t\t\t<div class=\"elementor-section-wrap\">\n\t\t\t\t\t\t\t<section class=\"elementor-section elementor-top-section elementor-element elementor-element-60d04fa elementor-section-boxed elementor-section-height-default elementor-section-height-default\" data-id=\"60d04fa\" data-element_type=\"section\">\n\t\t\t\t\t\t<div class=\"elementor-container elementor-column-gap-default\">\n\t\t\t\t\t<div class=\"elementor-column elementor-col-100 elementor-top-column elementor-element elementor-element-07965f5\" data-id=\"07965f5\" data-element_type=\"column\">\n\t\t\t<div class=\"elementor-widget-wrap elementor-element-populated\">\n\t\t\t\t\t\t\t\t<div class=\"elementor-element elementor-element-4d916a1 elementor-widget elementor-widget-text-editor\" data-id=\"4d916a1\" data-element_type=\"widget\" data-widget_type=\"text-editor.default\">\n\t\t\t\t<div class=\"elementor-widget-container\">\n\t\t\t\t\t\t\t<p><em>La Universidad UCEM nace un 17 de Septiembre del 2003, bajo el nombre de Instituto Tepic, bajo la direcci\u00f3n de la Dra. Eva Leticia Ortega Castillo, que con su gran experiencia laboral en el \u00e1rea de la salud logra plasmar y crear un gran proyecto de ense\u00f1anza para la formaci\u00f3n educativa en el Estado de Nayarit.<\/em><\/p><div><p><em>Donde la calidad educativa es la base principal para poder formar j\u00f3venes responsables y bien preparados.<\/em><\/p><\/div>\t\t\t\t\t\t<\/div>\n\t\t\t\t<\/div>\n\t\t\t\t\t<\/div>\n\t\t<\/div>\n\t\t\t\t\t\t\t<\/div>\n\t\t<\/section>\n\t\t\t\t<section class=\"elementor-section elementor-top-section elementor-element elementor-element-7391a1a elementor-section-boxed elementor-section-height-default elementor-section-height-default\" data-id=\"7391a1a\" data-element_type=\"section\">\n\t\t\t\t\t\t<div class=\"elementor-container elementor-column-gap-default\">\n\t\t\t\t\t<div class=\"elementor-column elementor-col-100 elementor-top-column elementor-element elementor-element-252a559\" data-id=\"252a559\" data-element_type=\"column\">\n\t\t\t<div class=\"elementor-widget-wrap elementor-element-populated\">\n\t\t\t\t\t\t\t\t<div class=\"elementor-element elementor-element-a3776be elementor-widget elementor-widget-heading\" data-id=\"a3776be\" data-element_type=\"widget\" data-widget_type=\"heading.default\">\n\t\t\t\t<div class=\"elementor-widget-container\">\n\t\t\t<h2 class=\"elementor-heading-title elementor-size-default\">Misi\u00f3n<\/h2>\t\t<\/div>\n\t\t\t\t<\/div>\n\t\t\t\t\t<\/div>\n\t\t<\/div>\n\t\t\t\t\t\t\t<\/div>\n\t\t<\/section>\n\t\t\t\t<section class=\"elementor-section elementor-top-section elementor-element elementor-element-53111ba elementor-section-boxed elementor-section-height-default elementor-section-height-default\" data-id=\"53111ba\" data-element_type=\"section\">\n\t\t\t\t\t\t<div class=\"elementor-container elementor-column-gap-default\">\n\t\t\t\t\t<div class=\"elementor-column elementor-col-100 elementor-top-column elementor-element elementor-element-8a34a0f\" data-id=\"8a34a0f\" data-element_type=\"column\">\n\t\t\t<div class=\"elementor-widget-wrap elementor-element-populated\">\n\t\t\t\t\t\t\t\t<div class=\"elementor-element elementor-element-ce25b62 elementor-widget elementor-widget-text-editor\" data-id=\"ce25b62\" data-element_type=\"widget\" data-widget_type=\"text-editor.default\">\n\t\t\t\t<div class=\"elementor-widget-container\">\n\t\t\t\t\t\t\t<p>\u00a0 \u00a0 \u00a0 \u00a0\u00a0La UCEM, forma profesionales de enfermer\u00eda capaces de demostrar sus conocimientos habilidades y actitudes que contribuyan a favorecer la calidad de vida de la poblaci\u00f3n a trav\u00e9s del cuidado y el trabajo en equipo; del factor humano asignado a la escuela y a la vez\u00a0la vinculaci\u00f3n con las instituciones de salud y educativas del estado as\u00ed como las del pa\u00eds.<\/p>\t\t\t\t\t\t<\/div>\n\t\t\t\t<\/div>\n\t\t\t\t\t<\/div>\n\t\t<\/div>\n\t\t\t\t\t\t\t<\/div>\n\t\t<\/section>\n\t\t\t\t<section class=\"elementor-section elementor-top-section elementor-element elementor-element-c9e4331 elementor-section-boxed elementor-section-height-default elementor-section-height-default\" data-id=\"c9e4331\" data-element_type=\"section\">\n\t\t\t\t\t\t<div class=\"elementor-container elementor-column-gap-default\">\n\t\t\t\t\t<div class=\"elementor-column elementor-col-100 elementor-top-column elementor-element elementor-element-b2c29f6\" data-id=\"b2c29f6\" data-element_type=\"column\">\n\t\t\t<div class=\"elementor-widget-wrap elementor-element-populated\">\n\t\t\t\t\t\t\t\t<div class=\"elementor-element elementor-element-93866fd elementor-widget elementor-widget-heading\" data-id=\"93866fd\" data-element_type=\"widget\" data-widget_type=\"heading.default\">\n\t\t\t\t<div class=\"elementor-widget-container\">\n\t\t\t<h2 class=\"elementor-heading-title elementor-size-default\">Visi\u00f3n<\/h2>\t\t<\/div>\n\t\t\t\t<\/div>\n\t\t\t\t\t<\/div>\n\t\t<\/div>\n\t\t\t\t\t\t\t<\/div>\n\t\t<\/section>\n\t\t\t\t<section class=\"elementor-section elementor-top-section elementor-element elementor-element-74f6adc elementor-section-boxed elementor-section-height-default elementor-section-height-default\" data-id=\"74f6adc\" data-element_type=\"section\">\n\t\t\t\t\t\t<div class=\"elementor-container elementor-column-gap-default\">\n\t\t\t\t\t<div class=\"elementor-column elementor-col-100 elementor-top-column elementor-element elementor-element-8b6b996\" data-id=\"8b6b996\" data-element_type=\"column\">\n\t\t\t<div class=\"elementor-widget-wrap elementor-element-populated\">\n\t\t\t\t\t\t\t\t<div class=\"elementor-element elementor-element-ec098c2 elementor-widget elementor-widget-text-editor\" data-id=\"ec098c2\" data-element_type=\"widget\" data-widget_type=\"text-editor.default\">\n\t\t\t\t<div class=\"elementor-widget-container\">\n\t\t\t\t\t\t\t<p>&nbsp;&nbsp; &nbsp;&nbsp;En el a\u00f1o 2035, la UCEM, es la universidad de educaci\u00f3n superior de vanguardia con acuerdos con Espa\u00f1a en la formaci\u00f3n de profesionales de enfermer\u00eda competentes en el cuidado, en la investigaci\u00f3n, la docencia y la gesti\u00f3n, a trav\u00e9s de la implementaci\u00f3n de un curr\u00edculo innovador que re\u00fane los requisitos disciplinares, enfatizando los valores del humanismo moderno, justicia, equidad, libertad, solidaridad, amor y respeto por la vida, los seres humanos y la naturaleza, hacia el logro de un elevado esp\u00edritu de excelencia en la calidad de atenci\u00f3n de enfermer\u00eda.<\/p>\t\t\t\t\t\t<\/div>\n\t\t\t\t<\/div>\n\t\t\t\t\t<\/div>\n\t\t<\/div>\n\t\t\t\t\t\t\t<\/div>\n\t\t<\/section>\n\t\t\t\t\t\t<\/div>\n\t\t\t\t\t<\/div>\n\t\t","protected":false},"excerpt":{"rendered":"<p>La Universidad UCEM nace un 17 de Septiembre del 2003, bajo el nombre de Instituto Tepic, bajo la direcci\u00f3n de la Dra. Eva Leticia Ortega Castillo, que con su gran experiencia laboral en el \u00e1rea de la salud logra plasmar <a href=\"https:\/\/ucemtepic.edu.mx\/\" class=\"read-more\">Leer m\u00e1s&#8230;<\/a><\/p>\n","protected":false},"author":1,"featured_media":0,"parent":0,"menu_order":0,"comment_status":"closed","ping_status":"closed","template":"","meta":{"footnotes":""},"class_list":["post-1111","page","type-page","status-publish","hentry"],"_links":{"self":[{"href":"https:\/\/ucemtepic.edu.mx\/index.php\/wp-json\/wp\/v2\/pages\/1111","targetHints":{"allow":["GET"]}}],"collection":[{"href":"https:\/\/ucemtepic.edu.mx\/index.php\/wp-json\/wp\/v2\/pages"}],"about":[{"href":"https:\/\/ucemtepic.edu.mx\/index.php\/wp-json\/wp\/v2\/types\/page"}],"author":[{"embeddable":true,"href":"https:\/\/ucemtepic.edu.mx\/index.php\/wp-json\/wp\/v2\/users\/1"}],"replies":[{"embeddable":true,"href":"https:\/\/ucemtepic.edu.mx\/index.php\/wp-json\/wp\/v2\/comments?post=1111"}],"version-history":[{"count":16,"href":"https:\/\/ucemtepic.edu.mx\/index.php\/wp-json\/wp\/v2\/pages\/1111\/revisions"}],"predecessor-version":[{"id":1542,"href":"https:\/\/ucemtepic.edu.mx\/index.php\/wp-json\/wp\/v2\/pages\/1111\/revisions\/1542"}],"wp:attachment":[{"href":"https:\/\/ucemtepic.edu.mx\/index.php\/wp-json\/wp\/v2\/media?parent=1111"}],"curies":[{"name":"wp","href":"https:\/\/api.w.org\/{rel}","templated":true}]}}