{"id":154,"date":"2021-04-23T03:14:24","date_gmt":"2021-04-23T03:14:24","guid":{"rendered":"https:\/\/ucemtepic.edu.mx\/?page_id=154"},"modified":"2022-08-15T15:55:59","modified_gmt":"2022-08-15T15:55:59","slug":"administracion-y-docencia-3","status":"publish","type":"page","link":"https:\/\/ucemtepic.edu.mx\/index.php\/administracion-y-docencia-3\/","title":{"rendered":"Especialidad en Administraci\u00f3n y Docencia en Enfermer\u00eda"},"content":{"rendered":"\t\t<div data-elementor-type=\"wp-page\" data-elementor-id=\"154\" class=\"elementor elementor-154\" data-elementor-settings=\"[]\">\n\t\t\t\t\t\t\t<div class=\"elementor-section-wrap\">\n\t\t\t\t\t\t\t<section class=\"elementor-section elementor-top-section elementor-element elementor-element-5430bb7 elementor-section-boxed elementor-section-height-default elementor-section-height-default\" data-id=\"5430bb7\" data-element_type=\"section\">\n\t\t\t\t\t\t<div class=\"elementor-container elementor-column-gap-default\">\n\t\t\t\t\t<div class=\"elementor-column elementor-col-100 elementor-top-column elementor-element elementor-element-2f09875\" data-id=\"2f09875\" data-element_type=\"column\">\n\t\t\t<div class=\"elementor-widget-wrap elementor-element-populated\">\n\t\t\t\t\t\t\t\t<div class=\"elementor-element elementor-element-65794c3 elementor-widget elementor-widget-heading\" data-id=\"65794c3\" data-element_type=\"widget\" data-widget_type=\"heading.default\">\n\t\t\t\t<div class=\"elementor-widget-container\">\n\t\t\t<h2 class=\"elementor-heading-title elementor-size-large\">Administraci\u00f3n y Docencia<\/h2>\t\t<\/div>\n\t\t\t\t<\/div>\n\t\t\t\t\t<\/div>\n\t\t<\/div>\n\t\t\t\t\t\t\t<\/div>\n\t\t<\/section>\n\t\t\t\t<section class=\"elementor-section elementor-top-section elementor-element elementor-element-0c45de8 elementor-section-boxed elementor-section-height-default elementor-section-height-default\" data-id=\"0c45de8\" data-element_type=\"section\">\n\t\t\t\t\t\t<div class=\"elementor-container elementor-column-gap-default\">\n\t\t\t\t\t<div class=\"elementor-column elementor-col-100 elementor-top-column elementor-element elementor-element-81c4ebd\" data-id=\"81c4ebd\" data-element_type=\"column\">\n\t\t\t<div class=\"elementor-widget-wrap elementor-element-populated\">\n\t\t\t\t\t\t\t\t<div class=\"elementor-element elementor-element-d91afca elementor-widget elementor-widget-text-editor\" data-id=\"d91afca\" data-element_type=\"widget\" data-widget_type=\"text-editor.default\">\n\t\t\t\t<div class=\"elementor-widget-container\">\n\t\t\t\t\t\t\t<p>Formar profesionales de Administraci\u00f3n con una gran capacidad para planear,<br \/>prevenir y comprender los problemas de las organizaciones estableciendo estrategias<br \/>que permitan resolverlos de manera eficiente, dirigidos a transfromar la realidad de la<br \/>educaci\u00f3n y los modos de hacer los que se ocupan de ella.<br \/><br \/><em><strong>Duraci\u00f3n 1 a\u00f1o 3 meses<\/strong><\/em><\/p>\t\t\t\t\t\t<\/div>\n\t\t\t\t<\/div>\n\t\t\t\t\t<\/div>\n\t\t<\/div>\n\t\t\t\t\t\t\t<\/div>\n\t\t<\/section>\n\t\t\t\t<section class=\"elementor-section elementor-top-section elementor-element elementor-element-4508ee3 elementor-section-boxed elementor-section-height-default elementor-section-height-default\" data-id=\"4508ee3\" data-element_type=\"section\">\n\t\t\t\t\t\t<div class=\"elementor-container elementor-column-gap-default\">\n\t\t\t\t\t<div class=\"elementor-column elementor-col-100 elementor-top-column elementor-element elementor-element-6320b9f\" data-id=\"6320b9f\" data-element_type=\"column\">\n\t\t\t<div class=\"elementor-widget-wrap elementor-element-populated\">\n\t\t\t\t\t\t\t\t<section class=\"elementor-section elementor-inner-section elementor-element elementor-element-ce4b51d elementor-section-boxed elementor-section-height-default elementor-section-height-default\" data-id=\"ce4b51d\" data-element_type=\"section\">\n\t\t\t\t\t\t<div class=\"elementor-container elementor-column-gap-default\">\n\t\t\t\t\t<div class=\"elementor-column elementor-col-50 elementor-inner-column elementor-element elementor-element-cf674ec\" data-id=\"cf674ec\" data-element_type=\"column\">\n\t\t\t<div class=\"elementor-widget-wrap elementor-element-populated\">\n\t\t\t\t\t\t\t\t<div class=\"elementor-element elementor-element-0b89ee6 elementor-tabs-view-horizontal elementor-widget elementor-widget-tabs\" data-id=\"0b89ee6\" data-element_type=\"widget\" data-widget_type=\"tabs.default\">\n\t\t\t\t<div class=\"elementor-widget-container\">\n\t\t\t\t\t<div class=\"elementor-tabs\">\n\t\t\t<div class=\"elementor-tabs-wrapper\" role=\"tablist\" >\n\t\t\t\t\t\t\t\t\t<div id=\"elementor-tab-title-1201\" class=\"elementor-tab-title elementor-tab-desktop-title\" aria-selected=\"true\" data-tab=\"1\" role=\"tab\" tabindex=\"0\" aria-controls=\"elementor-tab-content-1201\" aria-expanded=\"false\">Perfil de Ingreso<\/div>\n\t\t\t\t\t\t\t\t\t<div id=\"elementor-tab-title-1202\" class=\"elementor-tab-title elementor-tab-desktop-title\" aria-selected=\"false\" data-tab=\"2\" role=\"tab\" tabindex=\"-1\" aria-controls=\"elementor-tab-content-1202\" aria-expanded=\"false\">Programa de estudios<\/div>\n\t\t\t\t\t\t\t\t\t<div id=\"elementor-tab-title-1203\" class=\"elementor-tab-title elementor-tab-desktop-title\" aria-selected=\"false\" data-tab=\"3\" role=\"tab\" tabindex=\"-1\" aria-controls=\"elementor-tab-content-1203\" aria-expanded=\"false\">Perfil de Egreso<\/div>\n\t\t\t\t\t\t\t\t\t<div id=\"elementor-tab-title-1204\" class=\"elementor-tab-title elementor-tab-desktop-title\" aria-selected=\"false\" data-tab=\"4\" role=\"tab\" tabindex=\"-1\" aria-controls=\"elementor-tab-content-1204\" aria-expanded=\"false\">Campo Laboral<\/div>\n\t\t\t\t\t\t\t<\/div>\n\t\t\t<div class=\"elementor-tabs-content-wrapper\" role=\"tablist\" aria-orientation=\"vertical\">\n\t\t\t\t\t\t\t\t\t<div class=\"elementor-tab-title elementor-tab-mobile-title\" aria-selected=\"true\" data-tab=\"1\" role=\"tab\" tabindex=\"0\" aria-controls=\"elementor-tab-content-1201\" aria-expanded=\"false\">Perfil de Ingreso<\/div>\n\t\t\t\t\t<div id=\"elementor-tab-content-1201\" class=\"elementor-tab-content elementor-clearfix\" data-tab=\"1\" role=\"tabpanel\" aria-labelledby=\"elementor-tab-title-1201\" tabindex=\"0\" hidden=\"false\"><ul><li>Acta de nacimiento\u00a0<\/li><li>CURP<\/li><li>Certificado de licenciatura<\/li><li>T\u00edtulo de licenciatura<\/li><li>C\u00e9dula profesional<\/li><li>INE<\/li><li>Certificado de Bachillerato<\/li><li>Autenticidad de Bachillerato<\/li><\/ul><\/div>\n\t\t\t\t\t\t\t\t\t<div class=\"elementor-tab-title elementor-tab-mobile-title\" aria-selected=\"false\" data-tab=\"2\" role=\"tab\" tabindex=\"-1\" aria-controls=\"elementor-tab-content-1202\" aria-expanded=\"false\">Programa de estudios<\/div>\n\t\t\t\t\t<div id=\"elementor-tab-content-1202\" class=\"elementor-tab-content elementor-clearfix\" data-tab=\"2\" role=\"tabpanel\" aria-labelledby=\"elementor-tab-title-1202\" tabindex=\"0\" hidden=\"hidden\"><p><strong>PRIMER TRIMESTRE<\/strong><\/p><ol><li>An\u00e1lisis Socioecon\u00f3mico Mundial y de M\u00e9xico<\/li><li>Bio\u00e9tica y Tanatolog\u00eda<\/li><li>Teor\u00edas y proceso de Enfermer\u00eda<\/li><li>Metodolog\u00eda de la Investigaci\u00f3n<\/li><li>Epidemiolog\u00eda<\/li><li>Ejercicio de Integraci\u00f3n I<\/li><\/ol><p><strong>SEGUNDO TRIMESTRE<\/strong><\/p><ol><li>Bioestad\u00edstica<\/li><li>Bases Te\u00f3ricas de la Administraci\u00f3n<\/li><li>Administraci\u00f3n en Salud P\u00fablica<\/li><li>Seminario de Investigaci\u00f3n I<\/li><li>Pr\u00e1ctica Administrativa I<\/li><li>Ejercicio de Integraci\u00f3n II<\/li><\/ol><p><strong>TERCER TRIMESTRE<\/strong><\/p><ol><li>Psicolog\u00eda de la salud<\/li><li>Administraci\u00f3n de los servicios de enfermer\u00eda y hospitales<\/li><li>Auditor\u00eda de los servicios de salud<\/li><li>Pr\u00e1ctica Administrativa II<\/li><li>Seminario de Investigaci\u00f3n II<\/li><li>Ejercicio de Integraci\u00f3n III<\/li><\/ol><p><strong>CUARTO TRIMESTRE<\/strong><\/p><ol><li>Desarrollo de habilidades del pensamiento<\/li><li>Psicolog\u00eda del aprendizaje<\/li><li>Teor\u00edas educativas y dise\u00f1o curricular<\/li><li>Pr\u00e1ctica Educativa I<\/li><li>Seminario de Investigaci\u00f3n III<\/li><li>Ejercicio de Integraci\u00f3n IV<\/li><\/ol><p><strong>QUINTO TRIMESTRE<\/strong><\/p><ol><li>Legislaci\u00f3n en Enfermer\u00eda<\/li><li>Proceso ense\u00f1anza aprendizaje<\/li><li>Did\u00e1ctica de enfermer\u00eda para la salud<\/li><li>Evaluaci\u00f3n Educativa<\/li><li>Pr\u00e1ctica Educativa II<\/li><li>Seminario de investigaci\u00f3n IV<\/li><li>Ejercicio de integraci\u00f3n V<\/li><\/ol><\/div>\n\t\t\t\t\t\t\t\t\t<div class=\"elementor-tab-title elementor-tab-mobile-title\" aria-selected=\"false\" data-tab=\"3\" role=\"tab\" tabindex=\"-1\" aria-controls=\"elementor-tab-content-1203\" aria-expanded=\"false\">Perfil de Egreso<\/div>\n\t\t\t\t\t<div id=\"elementor-tab-content-1203\" class=\"elementor-tab-content elementor-clearfix\" data-tab=\"3\" role=\"tabpanel\" aria-labelledby=\"elementor-tab-title-1203\" tabindex=\"0\" hidden=\"hidden\">Lorem ipsum dolor sit amet, consectetur adipiscing elit. Ut elit tellus, luctus nec ullamcorper mattis, pulvinar dapibus leo.<\/div>\n\t\t\t\t\t\t\t\t\t<div class=\"elementor-tab-title elementor-tab-mobile-title\" aria-selected=\"false\" data-tab=\"4\" role=\"tab\" tabindex=\"-1\" aria-controls=\"elementor-tab-content-1204\" aria-expanded=\"false\">Campo Laboral<\/div>\n\t\t\t\t\t<div id=\"elementor-tab-content-1204\" class=\"elementor-tab-content elementor-clearfix\" data-tab=\"4\" role=\"tabpanel\" aria-labelledby=\"elementor-tab-title-1204\" tabindex=\"0\" hidden=\"hidden\">Contenido de la pesta\u00f1a<\/div>\n\t\t\t\t\t\t\t<\/div>\n\t\t<\/div>\n\t\t\t\t<\/div>\n\t\t\t\t<\/div>\n\t\t\t\t\t<\/div>\n\t\t<\/div>\n\t\t\t\t<div class=\"elementor-column elementor-col-50 elementor-inner-column elementor-element elementor-element-ae58bf5\" data-id=\"ae58bf5\" data-element_type=\"column\">\n\t\t\t<div class=\"elementor-widget-wrap elementor-element-populated\">\n\t\t\t\t\t\t\t\t<div class=\"elementor-element elementor-element-92dacde elementor-widget elementor-widget-image\" data-id=\"92dacde\" data-element_type=\"widget\" data-widget_type=\"image.default\">\n\t\t\t\t<div class=\"elementor-widget-container\">\n\t\t\t\t\t\t\t\t\t\t\t\t\t\t\t<img loading=\"lazy\" decoding=\"async\" width=\"847\" height=\"847\" src=\"https:\/\/ucemtepic.edu.mx\/wp-content\/uploads\/2021\/05\/Programas-acade\u0301micos-23-1024x1024.jpg\" class=\"attachment-large size-large\" alt=\"\" srcset=\"https:\/\/ucemtepic.edu.mx\/wp-content\/uploads\/2021\/05\/Programas-acade\u0301micos-23-1024x1024.jpg 1024w, https:\/\/ucemtepic.edu.mx\/wp-content\/uploads\/2021\/05\/Programas-acade\u0301micos-23-300x300.jpg 300w, https:\/\/ucemtepic.edu.mx\/wp-content\/uploads\/2021\/05\/Programas-acade\u0301micos-23-150x150.jpg 150w, https:\/\/ucemtepic.edu.mx\/wp-content\/uploads\/2021\/05\/Programas-acade\u0301micos-23-768x768.jpg 768w, https:\/\/ucemtepic.edu.mx\/wp-content\/uploads\/2021\/05\/Programas-acade\u0301micos-23-270x270.jpg 270w, https:\/\/ucemtepic.edu.mx\/wp-content\/uploads\/2021\/05\/Programas-acade\u0301micos-23.jpg 1200w\" sizes=\"auto, (max-width: 847px) 100vw, 847px\" \/>\t\t\t\t\t\t\t\t\t\t\t\t\t\t\t<\/div>\n\t\t\t\t<\/div>\n\t\t\t\t\t<\/div>\n\t\t<\/div>\n\t\t\t\t\t\t\t<\/div>\n\t\t<\/section>\n\t\t\t\t\t<\/div>\n\t\t<\/div>\n\t\t\t\t\t\t\t<\/div>\n\t\t<\/section>\n\t\t\t\t<section class=\"elementor-section elementor-top-section elementor-element elementor-element-590f9cd elementor-section-boxed elementor-section-height-default elementor-section-height-default\" data-id=\"590f9cd\" data-element_type=\"section\">\n\t\t\t\t\t\t<div class=\"elementor-container elementor-column-gap-default\">\n\t\t\t\t\t<div class=\"elementor-column elementor-col-100 elementor-top-column elementor-element elementor-element-8c8e35e\" data-id=\"8c8e35e\" data-element_type=\"column\">\n\t\t\t<div class=\"elementor-widget-wrap elementor-element-populated\">\n\t\t\t\t\t\t\t\t<div class=\"elementor-element elementor-element-d4c6c60 elementor-widget elementor-widget-spacer\" data-id=\"d4c6c60\" data-element_type=\"widget\" data-widget_type=\"spacer.default\">\n\t\t\t\t<div class=\"elementor-widget-container\">\n\t\t\t\t\t<div class=\"elementor-spacer\">\n\t\t\t<div class=\"elementor-spacer-inner\"><\/div>\n\t\t<\/div>\n\t\t\t\t<\/div>\n\t\t\t\t<\/div>\n\t\t\t\t\t<\/div>\n\t\t<\/div>\n\t\t\t\t\t\t\t<\/div>\n\t\t<\/section>\n\t\t\t\t<section class=\"elementor-section elementor-top-section elementor-element elementor-element-ff6d454 elementor-section-boxed elementor-section-height-default elementor-section-height-default\" data-id=\"ff6d454\" data-element_type=\"section\">\n\t\t\t\t\t\t<div class=\"elementor-container elementor-column-gap-default\">\n\t\t\t\t\t<div class=\"elementor-column elementor-col-100 elementor-top-column elementor-element elementor-element-4438c8d\" data-id=\"4438c8d\" data-element_type=\"column\">\n\t\t\t<div class=\"elementor-widget-wrap elementor-element-populated\">\n\t\t\t\t\t\t\t\t<div class=\"elementor-element elementor-element-12a1475 elementor-align-justify elementor-widget elementor-widget-button\" data-id=\"12a1475\" data-element_type=\"widget\" data-widget_type=\"button.default\">\n\t\t\t\t<div class=\"elementor-widget-container\">\n\t\t\t\t\t<div class=\"elementor-button-wrapper\">\n\t\t\t<a href=\"#\" class=\"elementor-button-link elementor-button elementor-size-sm\" role=\"button\">\n\t\t\t\t\t\t<span class=\"elementor-button-content-wrapper\">\n\t\t\t\t\t\t<span class=\"elementor-button-text\">\u00bfTe interesa estudiar una especialidad en la UCEM?<\/span>\n\t\t<\/span>\n\t\t\t\t\t<\/a>\n\t\t<\/div>\n\t\t\t\t<\/div>\n\t\t\t\t<\/div>\n\t\t\t\t\t<\/div>\n\t\t<\/div>\n\t\t\t\t\t\t\t<\/div>\n\t\t<\/section>\n\t\t\t\t\t\t<\/div>\n\t\t\t\t\t<\/div>\n\t\t","protected":false},"excerpt":{"rendered":"<p>Administraci\u00f3n y Docencia Formar profesionales de Administraci\u00f3n con una gran capacidad para planear,prevenir y comprender los problemas de las organizaciones estableciendo estrategiasque permitan resolverlos de manera eficiente, dirigidos a transfromar la realidad de laeducaci\u00f3n y los modos de hacer los <a href=\"https:\/\/ucemtepic.edu.mx\/index.php\/administracion-y-docencia-3\/\" class=\"read-more\">Leer m\u00e1s&#8230;<\/a><\/p>\n","protected":false},"author":1,"featured_media":0,"parent":0,"menu_order":0,"comment_status":"closed","ping_status":"closed","template":"","meta":{"footnotes":""},"class_list":["post-154","page","type-page","status-publish","hentry"],"_links":{"self":[{"href":"https:\/\/ucemtepic.edu.mx\/index.php\/wp-json\/wp\/v2\/pages\/154","targetHints":{"allow":["GET"]}}],"collection":[{"href":"https:\/\/ucemtepic.edu.mx\/index.php\/wp-json\/wp\/v2\/pages"}],"about":[{"href":"https:\/\/ucemtepic.edu.mx\/index.php\/wp-json\/wp\/v2\/types\/page"}],"author":[{"embeddable":true,"href":"https:\/\/ucemtepic.edu.mx\/index.php\/wp-json\/wp\/v2\/users\/1"}],"replies":[{"embeddable":true,"href":"https:\/\/ucemtepic.edu.mx\/index.php\/wp-json\/wp\/v2\/comments?post=154"}],"version-history":[{"count":21,"href":"https:\/\/ucemtepic.edu.mx\/index.php\/wp-json\/wp\/v2\/pages\/154\/revisions"}],"predecessor-version":[{"id":1619,"href":"https:\/\/ucemtepic.edu.mx\/index.php\/wp-json\/wp\/v2\/pages\/154\/revisions\/1619"}],"wp:attachment":[{"href":"https:\/\/ucemtepic.edu.mx\/index.php\/wp-json\/wp\/v2\/media?parent=154"}],"curies":[{"name":"wp","href":"https:\/\/api.w.org\/{rel}","templated":true}]}}