{"id":155,"date":"2021-04-23T03:14:24","date_gmt":"2021-04-23T03:14:24","guid":{"rendered":"https:\/\/ucemtepic.edu.mx\/?page_id=155"},"modified":"2022-02-20T18:53:26","modified_gmt":"2022-02-20T18:53:26","slug":"medicina-familiar-3","status":"publish","type":"page","link":"https:\/\/ucemtepic.edu.mx\/index.php\/medicina-familiar-3\/","title":{"rendered":"Post\u00e9cnico de Enfermer\u00eda en Medicina de Familia"},"content":{"rendered":"\t\t<div data-elementor-type=\"wp-page\" data-elementor-id=\"155\" class=\"elementor elementor-155\" data-elementor-settings=\"[]\">\n\t\t\t\t\t\t\t<div class=\"elementor-section-wrap\">\n\t\t\t\t\t\t\t<section class=\"elementor-section elementor-top-section elementor-element elementor-element-d4d097e elementor-section-boxed elementor-section-height-default elementor-section-height-default\" data-id=\"d4d097e\" data-element_type=\"section\">\n\t\t\t\t\t\t<div class=\"elementor-container elementor-column-gap-default\">\n\t\t\t\t\t<div class=\"elementor-column elementor-col-100 elementor-top-column elementor-element elementor-element-e6714f1\" data-id=\"e6714f1\" data-element_type=\"column\">\n\t\t\t<div class=\"elementor-widget-wrap elementor-element-populated\">\n\t\t\t\t\t\t\t\t<div class=\"elementor-element elementor-element-31529c0 elementor-widget elementor-widget-heading\" data-id=\"31529c0\" data-element_type=\"widget\" data-widget_type=\"heading.default\">\n\t\t\t\t<div class=\"elementor-widget-container\">\n\t\t\t<h2 class=\"elementor-heading-title elementor-size-large\">Descripci\u00f3n<\/h2>\t\t<\/div>\n\t\t\t\t<\/div>\n\t\t\t\t\t<\/div>\n\t\t<\/div>\n\t\t\t\t\t\t\t<\/div>\n\t\t<\/section>\n\t\t\t\t<section class=\"elementor-section elementor-top-section elementor-element elementor-element-7cd5e15 elementor-section-boxed elementor-section-height-default elementor-section-height-default\" data-id=\"7cd5e15\" data-element_type=\"section\">\n\t\t\t\t\t\t<div class=\"elementor-container elementor-column-gap-default\">\n\t\t\t\t\t<div class=\"elementor-column elementor-col-100 elementor-top-column elementor-element elementor-element-2aeb00c\" data-id=\"2aeb00c\" data-element_type=\"column\">\n\t\t\t<div class=\"elementor-widget-wrap elementor-element-populated\">\n\t\t\t\t\t\t\t\t<div class=\"elementor-element elementor-element-cb4f8b3 elementor-widget elementor-widget-text-editor\" data-id=\"cb4f8b3\" data-element_type=\"widget\" data-widget_type=\"text-editor.default\">\n\t\t\t\t<div class=\"elementor-widget-container\">\n\t\t\t\t\t\t\t<p>Lorem fistrum por la gloria de mi madre esse jarl aliqua llevame al sircoo. De la pradera ullamco qu\u00e9 dise usteer est\u00e1 la cosa muy malar.<\/p>\t\t\t\t\t\t<\/div>\n\t\t\t\t<\/div>\n\t\t\t\t\t<\/div>\n\t\t<\/div>\n\t\t\t\t\t\t\t<\/div>\n\t\t<\/section>\n\t\t\t\t<section class=\"elementor-section elementor-top-section elementor-element elementor-element-30ead5a elementor-section-boxed elementor-section-height-default elementor-section-height-default\" data-id=\"30ead5a\" data-element_type=\"section\">\n\t\t\t\t\t\t<div class=\"elementor-container elementor-column-gap-default\">\n\t\t\t\t\t<div class=\"elementor-column elementor-col-100 elementor-top-column elementor-element elementor-element-585f874\" data-id=\"585f874\" data-element_type=\"column\">\n\t\t\t<div class=\"elementor-widget-wrap elementor-element-populated\">\n\t\t\t\t\t\t\t\t<section class=\"elementor-section elementor-inner-section elementor-element elementor-element-2a0cb68 elementor-section-boxed elementor-section-height-default elementor-section-height-default\" data-id=\"2a0cb68\" data-element_type=\"section\">\n\t\t\t\t\t\t<div class=\"elementor-container elementor-column-gap-default\">\n\t\t\t\t\t<div class=\"elementor-column elementor-col-50 elementor-inner-column elementor-element elementor-element-4c3d127\" data-id=\"4c3d127\" data-element_type=\"column\">\n\t\t\t<div class=\"elementor-widget-wrap elementor-element-populated\">\n\t\t\t\t\t\t\t\t<div class=\"elementor-element elementor-element-1ddb250 elementor-tabs-view-horizontal elementor-widget elementor-widget-tabs\" data-id=\"1ddb250\" data-element_type=\"widget\" data-widget_type=\"tabs.default\">\n\t\t\t\t<div class=\"elementor-widget-container\">\n\t\t\t\t\t<div class=\"elementor-tabs\">\n\t\t\t<div class=\"elementor-tabs-wrapper\" role=\"tablist\" >\n\t\t\t\t\t\t\t\t\t<div id=\"elementor-tab-title-3131\" class=\"elementor-tab-title elementor-tab-desktop-title\" aria-selected=\"true\" data-tab=\"1\" role=\"tab\" tabindex=\"0\" aria-controls=\"elementor-tab-content-3131\" aria-expanded=\"false\">Perfil de Ingreso<\/div>\n\t\t\t\t\t\t\t\t\t<div id=\"elementor-tab-title-3132\" class=\"elementor-tab-title elementor-tab-desktop-title\" aria-selected=\"false\" data-tab=\"2\" role=\"tab\" tabindex=\"-1\" aria-controls=\"elementor-tab-content-3132\" aria-expanded=\"false\">Programa de estudios<\/div>\n\t\t\t\t\t\t\t\t\t<div id=\"elementor-tab-title-3133\" class=\"elementor-tab-title elementor-tab-desktop-title\" aria-selected=\"false\" data-tab=\"3\" role=\"tab\" tabindex=\"-1\" aria-controls=\"elementor-tab-content-3133\" aria-expanded=\"false\">Perfil de Egreso<\/div>\n\t\t\t\t\t\t\t\t\t<div id=\"elementor-tab-title-3134\" class=\"elementor-tab-title elementor-tab-desktop-title\" aria-selected=\"false\" data-tab=\"4\" role=\"tab\" tabindex=\"-1\" aria-controls=\"elementor-tab-content-3134\" aria-expanded=\"false\">Campo Laboral<\/div>\n\t\t\t\t\t\t\t<\/div>\n\t\t\t<div class=\"elementor-tabs-content-wrapper\" role=\"tablist\" aria-orientation=\"vertical\">\n\t\t\t\t\t\t\t\t\t<div class=\"elementor-tab-title elementor-tab-mobile-title\" aria-selected=\"true\" data-tab=\"1\" role=\"tab\" tabindex=\"0\" aria-controls=\"elementor-tab-content-3131\" aria-expanded=\"false\">Perfil de Ingreso<\/div>\n\t\t\t\t\t<div id=\"elementor-tab-content-3131\" class=\"elementor-tab-content elementor-clearfix\" data-tab=\"1\" role=\"tabpanel\" aria-labelledby=\"elementor-tab-title-3131\" tabindex=\"0\" hidden=\"false\"><ul><li>Acta de nacimiento<span class=\"Apple-converted-space\">&nbsp;<\/span><\/li><li>Certificado de carrera t\u00e9cnica por la escuela de procedencia<span class=\"Apple-converted-space\">&nbsp;<\/span><\/li><li>CURP<\/li><li>Certificado de secundaria<span class=\"Apple-converted-space\">&nbsp;<\/span><\/li><li>T\u00edtulo t\u00e9cnico en enfermer\u00eda<\/li><li>Carta laboral<\/li><li>C\u00e9dula de carrera t\u00e9cnica<span class=\"Apple-converted-space\">&nbsp;<\/span><\/li><li>Copia del INE<span class=\"Apple-converted-space\">&nbsp;<\/span><\/li><\/ul><\/div>\n\t\t\t\t\t\t\t\t\t<div class=\"elementor-tab-title elementor-tab-mobile-title\" aria-selected=\"false\" data-tab=\"2\" role=\"tab\" tabindex=\"-1\" aria-controls=\"elementor-tab-content-3132\" aria-expanded=\"false\">Programa de estudios<\/div>\n\t\t\t\t\t<div id=\"elementor-tab-content-3132\" class=\"elementor-tab-content elementor-clearfix\" data-tab=\"2\" role=\"tabpanel\" aria-labelledby=\"elementor-tab-title-3132\" tabindex=\"0\" hidden=\"hidden\"><p><strong>PRIMER SEMESTRE<\/strong><\/p><ol><li>La historia de salud, registros, actividad y sistemas de informaci\u00f3n en atenci\u00f3n primaria en M\u00e9xico<\/li><li>Modelos de salud publica a nivel mundial<\/li><li>Pol\u00edticas y salud publica<\/li><li>El proceso de atenci\u00f3n de enfermer\u00eda<\/li><li>Epidemiolog\u00eda<\/li><li>Investigaci\u00f3n enfermera en atenci\u00f3n primaria an\u00e1lisis de la situaci\u00f3n actual<\/li><li>Valores Psicol\u00f3gicos gesti\u00f3n de personas<\/li><li>Ejercicio de integraci\u00f3n I<\/li><li>Intervenci\u00f3n familiar<\/li><li>Educaci\u00f3n para la salud (EPS) metodolog\u00eda aplicaci\u00f3n y uso<\/li><li>Salud y Familia<\/li><li>Medicina de familia basada en evidencia<\/li><li>Bioestad\u00edstica<\/li><li>La atenci\u00f3n de enfermer\u00eda en la etapa adulta<\/li><li>Investigaci\u00f3n e enfermer\u00eda en atenci\u00f3n primaria<\/li><li>Ejercicio de integraci\u00f3n II<\/li><\/ol><p><strong>SEGUNDO SEMESTRE<\/strong><\/p><ol><li>Filosof\u00eda, \u00e9tica y equidad en salud<\/li><li>Competencias en el marco de la atenci\u00f3n primaria de salud<\/li><li>Atenci\u00f3n primaria de salud Vs Enfermer\u00eda comunitaria<\/li><li>Gerencia y alta direcci\u00f3n en servicios de salud<\/li><li>Vigilancia epidemiol\u00f3gica<\/li><li>Investigaci\u00f3n enfermera en atenci\u00f3n primaria, la pr\u00e1ctica basada en la evidencia<\/li><li>Ejercicio de Integraci\u00f3n III<\/li><li>Pr\u00e1ctica Profesional<\/li><li>Seminario de protocolo (coloquio)<\/li><li>La atenci\u00f3n enfermera en el \u00e1mbito familiar y comunitario<\/li><li>Coordinaci\u00f3n de recursos comunitarios<\/li><li>La atenci\u00f3n enfermera en la Infancia y adolescencia<\/li><li>La atenci\u00f3n enfermera a la salud sexual, reproductiva y de g\u00e9nero<\/li><li>Cuidados a personas dependientes y violencia intrafamiliar<\/li><li>Cuidados informales y autocuidado<\/li><li>La enfermera comunitaria de enlace una propuesta para la mejora de la atenci\u00f3n domiciliaria<\/li><li>Pr\u00e1ctica profesional II<\/li><li>Seminario de Protocolo<\/li><\/ol><\/div>\n\t\t\t\t\t\t\t\t\t<div class=\"elementor-tab-title elementor-tab-mobile-title\" aria-selected=\"false\" data-tab=\"3\" role=\"tab\" tabindex=\"-1\" aria-controls=\"elementor-tab-content-3133\" aria-expanded=\"false\">Perfil de Egreso<\/div>\n\t\t\t\t\t<div id=\"elementor-tab-content-3133\" class=\"elementor-tab-content elementor-clearfix\" data-tab=\"3\" role=\"tabpanel\" aria-labelledby=\"elementor-tab-title-3133\" tabindex=\"0\" hidden=\"hidden\">Lorem ipsum dolor sit amet, consectetur adipiscing elit. Ut elit tellus, luctus nec ullamcorper mattis, pulvinar dapibus leo.<\/div>\n\t\t\t\t\t\t\t\t\t<div class=\"elementor-tab-title elementor-tab-mobile-title\" aria-selected=\"false\" data-tab=\"4\" role=\"tab\" tabindex=\"-1\" aria-controls=\"elementor-tab-content-3134\" aria-expanded=\"false\">Campo Laboral<\/div>\n\t\t\t\t\t<div id=\"elementor-tab-content-3134\" class=\"elementor-tab-content elementor-clearfix\" data-tab=\"4\" role=\"tabpanel\" aria-labelledby=\"elementor-tab-title-3134\" tabindex=\"0\" hidden=\"hidden\">Contenido de la pesta\u00f1a<\/div>\n\t\t\t\t\t\t\t<\/div>\n\t\t<\/div>\n\t\t\t\t<\/div>\n\t\t\t\t<\/div>\n\t\t\t\t\t<\/div>\n\t\t<\/div>\n\t\t\t\t<div class=\"elementor-column elementor-col-50 elementor-inner-column elementor-element elementor-element-ad5d039\" data-id=\"ad5d039\" data-element_type=\"column\">\n\t\t\t<div class=\"elementor-widget-wrap elementor-element-populated\">\n\t\t\t\t\t\t\t\t<div class=\"elementor-element elementor-element-3017d3a elementor-widget elementor-widget-image\" data-id=\"3017d3a\" data-element_type=\"widget\" data-widget_type=\"image.default\">\n\t\t\t\t<div class=\"elementor-widget-container\">\n\t\t\t\t\t\t\t\t\t\t\t\t\t\t\t<img loading=\"lazy\" decoding=\"async\" width=\"847\" height=\"845\" src=\"https:\/\/ucemtepic.edu.mx\/wp-content\/uploads\/2021\/05\/Programas-acade\u0301micos-06-1024x1022.jpg\" class=\"attachment-large size-large\" alt=\"\" srcset=\"https:\/\/ucemtepic.edu.mx\/wp-content\/uploads\/2021\/05\/Programas-acade\u0301micos-06-1024x1022.jpg 1024w, https:\/\/ucemtepic.edu.mx\/wp-content\/uploads\/2021\/05\/Programas-acade\u0301micos-06-300x300.jpg 300w, https:\/\/ucemtepic.edu.mx\/wp-content\/uploads\/2021\/05\/Programas-acade\u0301micos-06-150x150.jpg 150w, https:\/\/ucemtepic.edu.mx\/wp-content\/uploads\/2021\/05\/Programas-acade\u0301micos-06-768x767.jpg 768w, https:\/\/ucemtepic.edu.mx\/wp-content\/uploads\/2021\/05\/Programas-acade\u0301micos-06-270x270.jpg 270w, https:\/\/ucemtepic.edu.mx\/wp-content\/uploads\/2021\/05\/Programas-acade\u0301micos-06.jpg 1200w\" sizes=\"auto, (max-width: 847px) 100vw, 847px\" \/>\t\t\t\t\t\t\t\t\t\t\t\t\t\t\t<\/div>\n\t\t\t\t<\/div>\n\t\t\t\t\t<\/div>\n\t\t<\/div>\n\t\t\t\t\t\t\t<\/div>\n\t\t<\/section>\n\t\t\t\t\t<\/div>\n\t\t<\/div>\n\t\t\t\t\t\t\t<\/div>\n\t\t<\/section>\n\t\t\t\t<section class=\"elementor-section elementor-top-section elementor-element elementor-element-6fd6101 elementor-section-boxed elementor-section-height-default elementor-section-height-default\" data-id=\"6fd6101\" data-element_type=\"section\">\n\t\t\t\t\t\t<div class=\"elementor-container elementor-column-gap-default\">\n\t\t\t\t\t<div class=\"elementor-column elementor-col-100 elementor-top-column elementor-element elementor-element-c7b7330\" data-id=\"c7b7330\" data-element_type=\"column\">\n\t\t\t<div class=\"elementor-widget-wrap elementor-element-populated\">\n\t\t\t\t\t\t\t\t<div class=\"elementor-element elementor-element-5d211be elementor-widget elementor-widget-spacer\" data-id=\"5d211be\" data-element_type=\"widget\" data-widget_type=\"spacer.default\">\n\t\t\t\t<div class=\"elementor-widget-container\">\n\t\t\t\t\t<div class=\"elementor-spacer\">\n\t\t\t<div class=\"elementor-spacer-inner\"><\/div>\n\t\t<\/div>\n\t\t\t\t<\/div>\n\t\t\t\t<\/div>\n\t\t\t\t\t<\/div>\n\t\t<\/div>\n\t\t\t\t\t\t\t<\/div>\n\t\t<\/section>\n\t\t\t\t<section class=\"elementor-section elementor-top-section elementor-element elementor-element-f195a4d elementor-section-boxed elementor-section-height-default elementor-section-height-default\" data-id=\"f195a4d\" data-element_type=\"section\">\n\t\t\t\t\t\t<div class=\"elementor-container elementor-column-gap-default\">\n\t\t\t\t\t<div class=\"elementor-column elementor-col-100 elementor-top-column elementor-element elementor-element-d5bda6f\" data-id=\"d5bda6f\" data-element_type=\"column\">\n\t\t\t<div class=\"elementor-widget-wrap elementor-element-populated\">\n\t\t\t\t\t\t\t\t<div class=\"elementor-element elementor-element-843e6b4 elementor-align-justify elementor-widget elementor-widget-button\" data-id=\"843e6b4\" data-element_type=\"widget\" data-widget_type=\"button.default\">\n\t\t\t\t<div class=\"elementor-widget-container\">\n\t\t\t\t\t<div class=\"elementor-button-wrapper\">\n\t\t\t<a href=\"#\" class=\"elementor-button-link elementor-button elementor-size-sm\" role=\"button\">\n\t\t\t\t\t\t<span class=\"elementor-button-content-wrapper\">\n\t\t\t\t\t\t<span class=\"elementor-button-text\">\u00bfTe interesa estudiar esta carrera en la UCEM?<\/span>\n\t\t<\/span>\n\t\t\t\t\t<\/a>\n\t\t<\/div>\n\t\t\t\t<\/div>\n\t\t\t\t<\/div>\n\t\t\t\t\t<\/div>\n\t\t<\/div>\n\t\t\t\t\t\t\t<\/div>\n\t\t<\/section>\n\t\t\t\t\t\t<\/div>\n\t\t\t\t\t<\/div>\n\t\t","protected":false},"excerpt":{"rendered":"<p>Descripci\u00f3n Lorem ipsum dolor sit amet, consectetur adipiscing elit. Ut elit tellus, luctus nec ullamcorper mattis, pulvinar dapibus leo. Perfil de Ingreso Programa de estudios Perfil de Egreso Campo Laboral Perfil de Ingreso Acta de nacimiento&nbsp; Certificado de carrera t\u00e9cnica <a href=\"https:\/\/ucemtepic.edu.mx\/index.php\/medicina-familiar-3\/\" class=\"read-more\">Leer m\u00e1s&#8230;<\/a><\/p>\n","protected":false},"author":1,"featured_media":0,"parent":0,"menu_order":0,"comment_status":"closed","ping_status":"closed","template":"","meta":{"footnotes":""},"class_list":["post-155","page","type-page","status-publish","hentry"],"_links":{"self":[{"href":"https:\/\/ucemtepic.edu.mx\/index.php\/wp-json\/wp\/v2\/pages\/155","targetHints":{"allow":["GET"]}}],"collection":[{"href":"https:\/\/ucemtepic.edu.mx\/index.php\/wp-json\/wp\/v2\/pages"}],"about":[{"href":"https:\/\/ucemtepic.edu.mx\/index.php\/wp-json\/wp\/v2\/types\/page"}],"author":[{"embeddable":true,"href":"https:\/\/ucemtepic.edu.mx\/index.php\/wp-json\/wp\/v2\/users\/1"}],"replies":[{"embeddable":true,"href":"https:\/\/ucemtepic.edu.mx\/index.php\/wp-json\/wp\/v2\/comments?post=155"}],"version-history":[{"count":15,"href":"https:\/\/ucemtepic.edu.mx\/index.php\/wp-json\/wp\/v2\/pages\/155\/revisions"}],"predecessor-version":[{"id":1465,"href":"https:\/\/ucemtepic.edu.mx\/index.php\/wp-json\/wp\/v2\/pages\/155\/revisions\/1465"}],"wp:attachment":[{"href":"https:\/\/ucemtepic.edu.mx\/index.php\/wp-json\/wp\/v2\/media?parent=155"}],"curies":[{"name":"wp","href":"https:\/\/api.w.org\/{rel}","templated":true}]}}