{"id":166,"date":"2021-04-23T03:14:24","date_gmt":"2021-04-23T03:14:24","guid":{"rendered":"https:\/\/ucemtepic.edu.mx\/?page_id=166"},"modified":"2022-08-15T14:21:35","modified_gmt":"2022-08-15T14:21:35","slug":"psicologia-en-salud-3","status":"publish","type":"page","link":"https:\/\/ucemtepic.edu.mx\/index.php\/psicologia-en-salud-3\/","title":{"rendered":"Licenciatura Psicolog\u00eda de la Salud"},"content":{"rendered":"\t\t<div data-elementor-type=\"wp-page\" data-elementor-id=\"166\" class=\"elementor elementor-166\" data-elementor-settings=\"[]\">\n\t\t\t\t\t\t\t<div class=\"elementor-section-wrap\">\n\t\t\t\t\t\t\t<section class=\"elementor-section elementor-top-section elementor-element elementor-element-09c320f elementor-section-boxed elementor-section-height-default elementor-section-height-default\" data-id=\"09c320f\" data-element_type=\"section\">\n\t\t\t\t\t\t<div class=\"elementor-container elementor-column-gap-default\">\n\t\t\t\t\t<div class=\"elementor-column elementor-col-100 elementor-top-column elementor-element elementor-element-be535e1\" data-id=\"be535e1\" data-element_type=\"column\">\n\t\t\t<div class=\"elementor-widget-wrap elementor-element-populated\">\n\t\t\t\t\t\t\t\t<div class=\"elementor-element elementor-element-1a47595 elementor-widget elementor-widget-heading\" data-id=\"1a47595\" data-element_type=\"widget\" data-widget_type=\"heading.default\">\n\t\t\t\t<div class=\"elementor-widget-container\">\n\t\t\t<h2 class=\"elementor-heading-title elementor-size-large\">Psicolog\u00eda en Salud<\/h2>\t\t<\/div>\n\t\t\t\t<\/div>\n\t\t\t\t\t<\/div>\n\t\t<\/div>\n\t\t\t\t\t\t\t<\/div>\n\t\t<\/section>\n\t\t\t\t<section class=\"elementor-section elementor-top-section elementor-element elementor-element-2fdcd51 elementor-section-boxed elementor-section-height-default elementor-section-height-default\" data-id=\"2fdcd51\" data-element_type=\"section\">\n\t\t\t\t\t\t<div class=\"elementor-container elementor-column-gap-default\">\n\t\t\t\t\t<div class=\"elementor-column elementor-col-100 elementor-top-column elementor-element elementor-element-64f612a\" data-id=\"64f612a\" data-element_type=\"column\">\n\t\t\t<div class=\"elementor-widget-wrap elementor-element-populated\">\n\t\t\t\t\t\t\t\t<div class=\"elementor-element elementor-element-613daa5 elementor-widget elementor-widget-text-editor\" data-id=\"613daa5\" data-element_type=\"widget\" data-widget_type=\"text-editor.default\">\n\t\t\t\t<div class=\"elementor-widget-container\">\n\t\t\t\t\t\t\t<p>El Licenciado en Psicolog\u00eda de la Salud tiene como objetivo aplicar la psicolog\u00eda<br \/>para promover la salud mental y su impacto en el bienestar integral.<\/p><p><em><strong>Duraci\u00f3n 4 a\u00f1os<\/strong><\/em><\/p>\t\t\t\t\t\t<\/div>\n\t\t\t\t<\/div>\n\t\t\t\t\t<\/div>\n\t\t<\/div>\n\t\t\t\t\t\t\t<\/div>\n\t\t<\/section>\n\t\t\t\t<section class=\"elementor-section elementor-top-section elementor-element elementor-element-eb3c01d elementor-section-boxed elementor-section-height-default elementor-section-height-default\" data-id=\"eb3c01d\" data-element_type=\"section\">\n\t\t\t\t\t\t<div class=\"elementor-container elementor-column-gap-default\">\n\t\t\t\t\t<div class=\"elementor-column elementor-col-100 elementor-top-column elementor-element elementor-element-6cc471c\" data-id=\"6cc471c\" data-element_type=\"column\">\n\t\t\t<div class=\"elementor-widget-wrap elementor-element-populated\">\n\t\t\t\t\t\t\t\t<section class=\"elementor-section elementor-inner-section elementor-element elementor-element-dd6e24b elementor-section-boxed elementor-section-height-default elementor-section-height-default\" data-id=\"dd6e24b\" data-element_type=\"section\">\n\t\t\t\t\t\t<div class=\"elementor-container elementor-column-gap-default\">\n\t\t\t\t\t<div class=\"elementor-column elementor-col-50 elementor-inner-column elementor-element elementor-element-76c6678\" data-id=\"76c6678\" data-element_type=\"column\">\n\t\t\t<div class=\"elementor-widget-wrap elementor-element-populated\">\n\t\t\t\t\t\t\t\t<div class=\"elementor-element elementor-element-7953a54 elementor-tabs-view-horizontal elementor-widget elementor-widget-tabs\" data-id=\"7953a54\" data-element_type=\"widget\" data-widget_type=\"tabs.default\">\n\t\t\t\t<div class=\"elementor-widget-container\">\n\t\t\t\t\t<div class=\"elementor-tabs\">\n\t\t\t<div class=\"elementor-tabs-wrapper\" role=\"tablist\" >\n\t\t\t\t\t\t\t\t\t<div id=\"elementor-tab-title-1271\" class=\"elementor-tab-title elementor-tab-desktop-title\" aria-selected=\"true\" data-tab=\"1\" role=\"tab\" tabindex=\"0\" aria-controls=\"elementor-tab-content-1271\" aria-expanded=\"false\">Perfil de Ingreso<\/div>\n\t\t\t\t\t\t\t\t\t<div id=\"elementor-tab-title-1272\" class=\"elementor-tab-title elementor-tab-desktop-title\" aria-selected=\"false\" data-tab=\"2\" role=\"tab\" tabindex=\"-1\" aria-controls=\"elementor-tab-content-1272\" aria-expanded=\"false\">Programa de estudios<\/div>\n\t\t\t\t\t\t\t\t\t<div id=\"elementor-tab-title-1273\" class=\"elementor-tab-title elementor-tab-desktop-title\" aria-selected=\"false\" data-tab=\"3\" role=\"tab\" tabindex=\"-1\" aria-controls=\"elementor-tab-content-1273\" aria-expanded=\"false\">Perfil de Egreso<\/div>\n\t\t\t\t\t\t\t\t\t<div id=\"elementor-tab-title-1274\" class=\"elementor-tab-title elementor-tab-desktop-title\" aria-selected=\"false\" data-tab=\"4\" role=\"tab\" tabindex=\"-1\" aria-controls=\"elementor-tab-content-1274\" aria-expanded=\"false\">Campo Laboral<\/div>\n\t\t\t\t\t\t\t<\/div>\n\t\t\t<div class=\"elementor-tabs-content-wrapper\" role=\"tablist\" aria-orientation=\"vertical\">\n\t\t\t\t\t\t\t\t\t<div class=\"elementor-tab-title elementor-tab-mobile-title\" aria-selected=\"true\" data-tab=\"1\" role=\"tab\" tabindex=\"0\" aria-controls=\"elementor-tab-content-1271\" aria-expanded=\"false\">Perfil de Ingreso<\/div>\n\t\t\t\t\t<div id=\"elementor-tab-content-1271\" class=\"elementor-tab-content elementor-clearfix\" data-tab=\"1\" role=\"tabpanel\" aria-labelledby=\"elementor-tab-title-1271\" tabindex=\"0\" hidden=\"false\"><ul><li>Certificado original de Bachillerato \u00fanico o en Ciencias Qu\u00edmico-Biol\u00f3gicas<\/li><li>Constancia de buena conducta otorgada por la escuela preparatoria de procedencia<\/li><li>Constancia de haber cursado el Bachillerato en la escuela de procedencia<span class=\"Apple-converted-space\">\u00a0<\/span><\/li><li>Acta de nacimiento original reciente<\/li><li>Carta compromiso del Padre o Tutor mediante la cual se responsabiliza de la educaci\u00f3n del aspirante<\/li><li>CURP<\/li><li>Copia del INE<span class=\"Apple-converted-space\">\u00a0<\/span><\/li><li>Autenticidad del certificado de Bachillerato<\/li><\/ul><\/div>\n\t\t\t\t\t\t\t\t\t<div class=\"elementor-tab-title elementor-tab-mobile-title\" aria-selected=\"false\" data-tab=\"2\" role=\"tab\" tabindex=\"-1\" aria-controls=\"elementor-tab-content-1272\" aria-expanded=\"false\">Programa de estudios<\/div>\n\t\t\t\t\t<div id=\"elementor-tab-content-1272\" class=\"elementor-tab-content elementor-clearfix\" data-tab=\"2\" role=\"tabpanel\" aria-labelledby=\"elementor-tab-title-1272\" tabindex=\"0\" hidden=\"hidden\"><p><strong>PRIMER SEMESTRE<\/strong><\/p><ol><li>M\u00e9todos de Estudio, desarrollo del pensamiento y Creatividad<\/li><li>Filosof\u00eda y Epistemolog\u00eda<\/li><li>Antropolog\u00eda Social y Cultural<\/li><li>Bases Fisiol\u00f3gicas de la Psicolog\u00eda<\/li><li>Historia Psicosocial<\/li><li>Psicolog\u00eda General<\/li><li>Econom\u00eda Pol\u00edtica<\/li><\/ol><p><strong>SEGUNDO SEMESTRE<\/strong><\/p><ol><li>Desarrollo Humano y Axiolog\u00eda<\/li><li>Administraci\u00f3n<\/li><li>Did\u00e1ctica en Psicolog\u00eda de la Salud<\/li><li>Pensamiento y lenguaje<\/li><li>Necesidades y problemas de M\u00e9xico y Nayarit<\/li><li>Pol\u00edtica Econ\u00f3mica y Social en M\u00e9xico y Nayarit<\/li><li>Psicolog\u00eda del Aprendizaje<\/li><\/ol><p><strong>TERCER SEMESTRE<\/strong><\/p><ol><li>Psicolog\u00eda Evolutiva<\/li><li>Psicolog\u00eda Educativa<\/li><li>Teor\u00eda Sistem\u00e1tica y Terapia Familiar<\/li><li>Conductismo y Psicoan\u00e1lisis<\/li><li>T\u00e9cnicas de entrevista y test Psicol\u00f3gicos<\/li><li>Exploraci\u00f3n y Diagn\u00f3stico Psicol\u00f3gico<\/li><li>Psicolog\u00eda Social<\/li><\/ol><p><strong>CUARTO SEMESTRE<\/strong><\/p><ol><li>Interacci\u00f3n Social y Din\u00e1mica de grupos<\/li><li>Estad\u00edstica Aplicada a la psicolog\u00eda I<\/li><li>Teor\u00edas de la Gestalt y Psicolog\u00eda Positiva<\/li><li>Teor\u00edas de la Personalidad<\/li><li>Salud p\u00fablica y Psicolog\u00eda Comunitaria<\/li><li>Pr\u00e1ctica de Psicolog\u00eda I<\/li><li>Optativa I<\/li><\/ol><p><strong>QUINTO SEMESTRE<\/strong><\/p><ol><li>Psicolog\u00eda Organizacional<\/li><li>Psicolog\u00eda de la motivaci\u00f3n y la emoci\u00f3n<\/li><li>Psicolog\u00eda de la Salud<\/li><li>Exploraci\u00f3n y Evaluaci\u00f3n Psicol\u00f3gica I<\/li><li>Estad\u00edstica aplicada a la Psicolog\u00eda II<\/li><li>Pr\u00e1ctica de Psicolog\u00eda II<\/li><li>Optativa II<\/li><\/ol><p><strong>SEXTO SEMESTRE<\/strong><\/p><ol><li>Exploraci\u00f3n y Evaluaci\u00f3n Psicol\u00f3gica II<\/li><li>Psicopatolog\u00eda I<\/li><li>Teor\u00edas de psicolog\u00eda Humanista<\/li><li>Teor\u00edas de Psicolog\u00eda Materialista y Cognitiva<\/li><li>Metodolog\u00eda de la Investigaci\u00f3n en Psicolog\u00eda I<\/li><li>Pr\u00e1ctica de Psicolog\u00eda III<\/li><li>Optativa III<\/li><\/ol><p><strong>SEPTIMO SEMESTRE<\/strong><\/p><ol><li>Psicopatolog\u00eda II<\/li><li>Psicolog\u00eda Cl\u00ednica y Psicoterapia<\/li><li>Estrategias de Intervenci\u00f3n<\/li><li>Metodolog\u00eda de Investigaci\u00f3n en Psicolog\u00eda II<\/li><li>Pr\u00e1ctica de Psicolog\u00eda IV<\/li><li>Optativa IV<\/li><li>Servicio Social (Residencia)<\/li><\/ol><p><strong>OCTAVO SEMESTRE<\/strong><\/p><ol><li>\u00c9tica, Derechos Humanos y Responsabilidad Social<\/li><li>Tanatolog\u00eda<\/li><li>Marco Jur\u00eddico de la Salud y Seguridad ocupacional<\/li><li>Proyectos de Intervenci\u00f3n en Psicolog\u00eda de la Salud<\/li><li>Pr\u00e1cticas de Investigaci\u00f3n en Psicolog\u00eda<\/li><li>Seminario de Tesis<\/li><li>Servicio Social<\/li><\/ol><\/div>\n\t\t\t\t\t\t\t\t\t<div class=\"elementor-tab-title elementor-tab-mobile-title\" aria-selected=\"false\" data-tab=\"3\" role=\"tab\" tabindex=\"-1\" aria-controls=\"elementor-tab-content-1273\" aria-expanded=\"false\">Perfil de Egreso<\/div>\n\t\t\t\t\t<div id=\"elementor-tab-content-1273\" class=\"elementor-tab-content elementor-clearfix\" data-tab=\"3\" role=\"tabpanel\" aria-labelledby=\"elementor-tab-title-1273\" tabindex=\"0\" hidden=\"hidden\">Lorem ipsum dolor sit amet, consectetur adipiscing elit. Ut elit tellus, luctus nec ullamcorper mattis, pulvinar dapibus leo.<\/div>\n\t\t\t\t\t\t\t\t\t<div class=\"elementor-tab-title elementor-tab-mobile-title\" aria-selected=\"false\" data-tab=\"4\" role=\"tab\" tabindex=\"-1\" aria-controls=\"elementor-tab-content-1274\" aria-expanded=\"false\">Campo Laboral<\/div>\n\t\t\t\t\t<div id=\"elementor-tab-content-1274\" class=\"elementor-tab-content elementor-clearfix\" data-tab=\"4\" role=\"tabpanel\" aria-labelledby=\"elementor-tab-title-1274\" tabindex=\"0\" hidden=\"hidden\">Contenido de la pesta\u00f1a<\/div>\n\t\t\t\t\t\t\t<\/div>\n\t\t<\/div>\n\t\t\t\t<\/div>\n\t\t\t\t<\/div>\n\t\t\t\t\t<\/div>\n\t\t<\/div>\n\t\t\t\t<div class=\"elementor-column elementor-col-50 elementor-inner-column elementor-element elementor-element-4880dbc\" data-id=\"4880dbc\" data-element_type=\"column\">\n\t\t\t<div class=\"elementor-widget-wrap elementor-element-populated\">\n\t\t\t\t\t\t\t\t<div class=\"elementor-element elementor-element-91d9c15 elementor-widget elementor-widget-image\" data-id=\"91d9c15\" data-element_type=\"widget\" data-widget_type=\"image.default\">\n\t\t\t\t<div class=\"elementor-widget-container\">\n\t\t\t\t\t\t\t\t\t\t\t\t\t\t\t<img loading=\"lazy\" decoding=\"async\" width=\"847\" height=\"845\" src=\"https:\/\/ucemtepic.edu.mx\/wp-content\/uploads\/2021\/05\/Programas-acade\u0301micos-07-1024x1022.jpg\" class=\"attachment-large size-large\" alt=\"\" srcset=\"https:\/\/ucemtepic.edu.mx\/wp-content\/uploads\/2021\/05\/Programas-acade\u0301micos-07-1024x1022.jpg 1024w, https:\/\/ucemtepic.edu.mx\/wp-content\/uploads\/2021\/05\/Programas-acade\u0301micos-07-300x300.jpg 300w, https:\/\/ucemtepic.edu.mx\/wp-content\/uploads\/2021\/05\/Programas-acade\u0301micos-07-150x150.jpg 150w, https:\/\/ucemtepic.edu.mx\/wp-content\/uploads\/2021\/05\/Programas-acade\u0301micos-07-768x767.jpg 768w, https:\/\/ucemtepic.edu.mx\/wp-content\/uploads\/2021\/05\/Programas-acade\u0301micos-07-270x270.jpg 270w, https:\/\/ucemtepic.edu.mx\/wp-content\/uploads\/2021\/05\/Programas-acade\u0301micos-07.jpg 1200w\" sizes=\"auto, (max-width: 847px) 100vw, 847px\" \/>\t\t\t\t\t\t\t\t\t\t\t\t\t\t\t<\/div>\n\t\t\t\t<\/div>\n\t\t\t\t\t<\/div>\n\t\t<\/div>\n\t\t\t\t\t\t\t<\/div>\n\t\t<\/section>\n\t\t\t\t\t<\/div>\n\t\t<\/div>\n\t\t\t\t\t\t\t<\/div>\n\t\t<\/section>\n\t\t\t\t<section class=\"elementor-section elementor-top-section elementor-element elementor-element-7b75be5 elementor-section-boxed elementor-section-height-default elementor-section-height-default\" data-id=\"7b75be5\" data-element_type=\"section\">\n\t\t\t\t\t\t<div class=\"elementor-container elementor-column-gap-default\">\n\t\t\t\t\t<div class=\"elementor-column elementor-col-100 elementor-top-column elementor-element elementor-element-ffabcf6\" data-id=\"ffabcf6\" data-element_type=\"column\">\n\t\t\t<div class=\"elementor-widget-wrap elementor-element-populated\">\n\t\t\t\t\t\t\t\t<div class=\"elementor-element elementor-element-e38b5ac elementor-widget elementor-widget-spacer\" data-id=\"e38b5ac\" data-element_type=\"widget\" data-widget_type=\"spacer.default\">\n\t\t\t\t<div class=\"elementor-widget-container\">\n\t\t\t\t\t<div class=\"elementor-spacer\">\n\t\t\t<div class=\"elementor-spacer-inner\"><\/div>\n\t\t<\/div>\n\t\t\t\t<\/div>\n\t\t\t\t<\/div>\n\t\t\t\t\t<\/div>\n\t\t<\/div>\n\t\t\t\t\t\t\t<\/div>\n\t\t<\/section>\n\t\t\t\t<section class=\"elementor-section elementor-top-section elementor-element elementor-element-e01525f elementor-section-boxed elementor-section-height-default elementor-section-height-default\" data-id=\"e01525f\" data-element_type=\"section\">\n\t\t\t\t\t\t<div class=\"elementor-container elementor-column-gap-default\">\n\t\t\t\t\t<div class=\"elementor-column elementor-col-100 elementor-top-column elementor-element elementor-element-eefa3dd\" data-id=\"eefa3dd\" data-element_type=\"column\">\n\t\t\t<div class=\"elementor-widget-wrap elementor-element-populated\">\n\t\t\t\t\t\t\t\t<div class=\"elementor-element elementor-element-00d4be1 elementor-align-justify elementor-widget elementor-widget-button\" data-id=\"00d4be1\" data-element_type=\"widget\" data-widget_type=\"button.default\">\n\t\t\t\t<div class=\"elementor-widget-container\">\n\t\t\t\t\t<div class=\"elementor-button-wrapper\">\n\t\t\t<a href=\"#\" class=\"elementor-button-link elementor-button elementor-size-sm\" role=\"button\">\n\t\t\t\t\t\t<span class=\"elementor-button-content-wrapper\">\n\t\t\t\t\t\t<span class=\"elementor-button-text\">\u00bfTe interesa estudiar esta licenciatura en la UCEM?<\/span>\n\t\t<\/span>\n\t\t\t\t\t<\/a>\n\t\t<\/div>\n\t\t\t\t<\/div>\n\t\t\t\t<\/div>\n\t\t\t\t\t<\/div>\n\t\t<\/div>\n\t\t\t\t\t\t\t<\/div>\n\t\t<\/section>\n\t\t\t\t\t\t<\/div>\n\t\t\t\t\t<\/div>\n\t\t","protected":false},"excerpt":{"rendered":"<p>Psicolog\u00eda en Salud El Licenciado en Psicolog\u00eda de la Salud tiene como objetivo aplicar la psicolog\u00edapara promover la salud mental y su impacto en el bienestar integral. Duraci\u00f3n 4 a\u00f1os Perfil de Ingreso Programa de estudios Perfil de Egreso Campo <a href=\"https:\/\/ucemtepic.edu.mx\/index.php\/psicologia-en-salud-3\/\" class=\"read-more\">Leer m\u00e1s&#8230;<\/a><\/p>\n","protected":false},"author":1,"featured_media":0,"parent":0,"menu_order":0,"comment_status":"closed","ping_status":"closed","template":"","meta":{"footnotes":""},"class_list":["post-166","page","type-page","status-publish","hentry"],"_links":{"self":[{"href":"https:\/\/ucemtepic.edu.mx\/index.php\/wp-json\/wp\/v2\/pages\/166","targetHints":{"allow":["GET"]}}],"collection":[{"href":"https:\/\/ucemtepic.edu.mx\/index.php\/wp-json\/wp\/v2\/pages"}],"about":[{"href":"https:\/\/ucemtepic.edu.mx\/index.php\/wp-json\/wp\/v2\/types\/page"}],"author":[{"embeddable":true,"href":"https:\/\/ucemtepic.edu.mx\/index.php\/wp-json\/wp\/v2\/users\/1"}],"replies":[{"embeddable":true,"href":"https:\/\/ucemtepic.edu.mx\/index.php\/wp-json\/wp\/v2\/comments?post=166"}],"version-history":[{"count":21,"href":"https:\/\/ucemtepic.edu.mx\/index.php\/wp-json\/wp\/v2\/pages\/166\/revisions"}],"predecessor-version":[{"id":1564,"href":"https:\/\/ucemtepic.edu.mx\/index.php\/wp-json\/wp\/v2\/pages\/166\/revisions\/1564"}],"wp:attachment":[{"href":"https:\/\/ucemtepic.edu.mx\/index.php\/wp-json\/wp\/v2\/media?parent=166"}],"curies":[{"name":"wp","href":"https:\/\/api.w.org\/{rel}","templated":true}]}}