{"id":1666,"date":"2025-07-19T22:15:17","date_gmt":"2025-07-19T22:15:17","guid":{"rendered":"https:\/\/ucemtepic.edu.mx\/?page_id=1666"},"modified":"2025-07-19T22:25:53","modified_gmt":"2025-07-19T22:25:53","slug":"contacto-de-pago","status":"publish","type":"page","link":"https:\/\/ucemtepic.edu.mx\/index.php\/contacto-de-pago\/","title":{"rendered":"Contacto de Pago"},"content":{"rendered":"\n<p>Para cualquier duda o comentario respecto al presente Aviso de Privacidad, puede contactarse con nuestro Departamento de Protecci\u00f3n de Datos Personales:<br>Correo electr\u00f3nico: <a href=\"mailto:avisoprivacidad@ucemtepic.edu.mx\"><strong>informes@ucemtepic.edu.mx<\/strong><\/a><br>Tel\u00e9fono: 311-210 -4681 Ext. 0<\/p>\n\n\n\n<p>Domicilio: <strong>Mi\u00f1\u00f3n No. 8 Col. Centro Tepic, Nayarit<\/strong><\/p>\n\n\n\n<p><\/p>\n","protected":false},"excerpt":{"rendered":"<p>Para cualquier duda o comentario respecto al presente Aviso de Privacidad, puede contactarse con nuestro Departamento de Protecci\u00f3n de Datos Personales:Correo electr\u00f3nico: informes@ucemtepic.edu.mxTel\u00e9fono: 311-210 -4681 Ext. 0 Domicilio: Mi\u00f1\u00f3n No. 8 Col. Centro Tepic, Nayarit<\/p>\n","protected":false},"author":1,"featured_media":0,"parent":0,"menu_order":0,"comment_status":"closed","ping_status":"closed","template":"","meta":{"footnotes":""},"class_list":["post-1666","page","type-page","status-publish","hentry"],"_links":{"self":[{"href":"https:\/\/ucemtepic.edu.mx\/index.php\/wp-json\/wp\/v2\/pages\/1666","targetHints":{"allow":["GET"]}}],"collection":[{"href":"https:\/\/ucemtepic.edu.mx\/index.php\/wp-json\/wp\/v2\/pages"}],"about":[{"href":"https:\/\/ucemtepic.edu.mx\/index.php\/wp-json\/wp\/v2\/types\/page"}],"author":[{"embeddable":true,"href":"https:\/\/ucemtepic.edu.mx\/index.php\/wp-json\/wp\/v2\/users\/1"}],"replies":[{"embeddable":true,"href":"https:\/\/ucemtepic.edu.mx\/index.php\/wp-json\/wp\/v2\/comments?post=1666"}],"version-history":[{"count":5,"href":"https:\/\/ucemtepic.edu.mx\/index.php\/wp-json\/wp\/v2\/pages\/1666\/revisions"}],"predecessor-version":[{"id":1678,"href":"https:\/\/ucemtepic.edu.mx\/index.php\/wp-json\/wp\/v2\/pages\/1666\/revisions\/1678"}],"wp:attachment":[{"href":"https:\/\/ucemtepic.edu.mx\/index.php\/wp-json\/wp\/v2\/media?parent=1666"}],"curies":[{"name":"wp","href":"https:\/\/api.w.org\/{rel}","templated":true}]}}