{"id":167,"date":"2021-04-23T03:14:24","date_gmt":"2021-04-23T03:14:24","guid":{"rendered":"https:\/\/ucemtepic.edu.mx\/?page_id=167"},"modified":"2022-08-15T14:27:02","modified_gmt":"2022-08-15T14:27:02","slug":"enfermeria-y-obstreticia-4","status":"publish","type":"page","link":"https:\/\/ucemtepic.edu.mx\/index.php\/enfermeria-y-obstreticia-4\/","title":{"rendered":"Licenciatura en Enfermer\u00eda y Obstetricia"},"content":{"rendered":"\t\t<div data-elementor-type=\"wp-page\" data-elementor-id=\"167\" class=\"elementor elementor-167\" data-elementor-settings=\"[]\">\n\t\t\t\t\t\t\t<div class=\"elementor-section-wrap\">\n\t\t\t\t\t\t\t<section class=\"elementor-section elementor-top-section elementor-element elementor-element-049ec6a elementor-section-boxed elementor-section-height-default elementor-section-height-default\" data-id=\"049ec6a\" data-element_type=\"section\">\n\t\t\t\t\t\t<div class=\"elementor-container elementor-column-gap-default\">\n\t\t\t\t\t<div class=\"elementor-column elementor-col-100 elementor-top-column elementor-element elementor-element-59ce9a8\" data-id=\"59ce9a8\" data-element_type=\"column\">\n\t\t\t<div class=\"elementor-widget-wrap elementor-element-populated\">\n\t\t\t\t\t\t\t\t<div class=\"elementor-element elementor-element-c626f73 elementor-widget elementor-widget-heading\" data-id=\"c626f73\" data-element_type=\"widget\" data-widget_type=\"heading.default\">\n\t\t\t\t<div class=\"elementor-widget-container\">\n\t\t\t<h2 class=\"elementor-heading-title elementor-size-large\">Enfermer\u00eda y Obstetricia<\/h2>\t\t<\/div>\n\t\t\t\t<\/div>\n\t\t\t\t\t<\/div>\n\t\t<\/div>\n\t\t\t\t\t\t\t<\/div>\n\t\t<\/section>\n\t\t\t\t<section class=\"elementor-section elementor-top-section elementor-element elementor-element-583dcf8 elementor-section-boxed elementor-section-height-default elementor-section-height-default\" data-id=\"583dcf8\" data-element_type=\"section\">\n\t\t\t\t\t\t<div class=\"elementor-container elementor-column-gap-default\">\n\t\t\t\t\t<div class=\"elementor-column elementor-col-100 elementor-top-column elementor-element elementor-element-c192ceb\" data-id=\"c192ceb\" data-element_type=\"column\">\n\t\t\t<div class=\"elementor-widget-wrap elementor-element-populated\">\n\t\t\t\t\t\t\t\t<div class=\"elementor-element elementor-element-00b4353 elementor-widget elementor-widget-text-editor\" data-id=\"00b4353\" data-element_type=\"widget\" data-widget_type=\"text-editor.default\">\n\t\t\t\t<div class=\"elementor-widget-container\">\n\t\t\t\t\t\t\t<p>El Licenciado en Enfermer\u00eda y Obstetricia es el profesional que se caracteriza<br \/>por brindar cuidados de enfermer\u00eda con enfoque hol\u00edstico, intercultural y de<br \/>g\u00e9nero a la poblaci\u00f3n mexicana en general, dirigidos en preservar su salud y<br \/>contribuir a la soluci\u00f3n de los procesos de enfermedad.<br \/><br \/><em><strong>Duraci\u00f3n 4 a\u00f1os<\/strong><\/em><\/p>\t\t\t\t\t\t<\/div>\n\t\t\t\t<\/div>\n\t\t\t\t\t<\/div>\n\t\t<\/div>\n\t\t\t\t\t\t\t<\/div>\n\t\t<\/section>\n\t\t\t\t<section class=\"elementor-section elementor-top-section elementor-element elementor-element-29d1dbd elementor-section-boxed elementor-section-height-default elementor-section-height-default\" data-id=\"29d1dbd\" data-element_type=\"section\">\n\t\t\t\t\t\t<div class=\"elementor-container elementor-column-gap-default\">\n\t\t\t\t\t<div class=\"elementor-column elementor-col-100 elementor-top-column elementor-element elementor-element-c6852fd\" data-id=\"c6852fd\" data-element_type=\"column\">\n\t\t\t<div class=\"elementor-widget-wrap elementor-element-populated\">\n\t\t\t\t\t\t\t\t<section class=\"elementor-section elementor-inner-section elementor-element elementor-element-c427965 elementor-section-boxed elementor-section-height-default elementor-section-height-default\" data-id=\"c427965\" data-element_type=\"section\">\n\t\t\t\t\t\t<div class=\"elementor-container elementor-column-gap-default\">\n\t\t\t\t\t<div class=\"elementor-column elementor-col-50 elementor-inner-column elementor-element elementor-element-1eeb703\" data-id=\"1eeb703\" data-element_type=\"column\">\n\t\t\t<div class=\"elementor-widget-wrap elementor-element-populated\">\n\t\t\t\t\t\t\t\t<div class=\"elementor-element elementor-element-e5eb9d4 elementor-tabs-view-horizontal elementor-widget elementor-widget-tabs\" data-id=\"e5eb9d4\" data-element_type=\"widget\" data-widget_type=\"tabs.default\">\n\t\t\t\t<div class=\"elementor-widget-container\">\n\t\t\t\t\t<div class=\"elementor-tabs\">\n\t\t\t<div class=\"elementor-tabs-wrapper\" role=\"tablist\" >\n\t\t\t\t\t\t\t\t\t<div id=\"elementor-tab-title-2411\" class=\"elementor-tab-title elementor-tab-desktop-title\" aria-selected=\"true\" data-tab=\"1\" role=\"tab\" tabindex=\"0\" aria-controls=\"elementor-tab-content-2411\" aria-expanded=\"false\">Perfil de Ingreso<\/div>\n\t\t\t\t\t\t\t\t\t<div id=\"elementor-tab-title-2412\" class=\"elementor-tab-title elementor-tab-desktop-title\" aria-selected=\"false\" data-tab=\"2\" role=\"tab\" tabindex=\"-1\" aria-controls=\"elementor-tab-content-2412\" aria-expanded=\"false\">Programa de estudios<\/div>\n\t\t\t\t\t\t\t\t\t<div id=\"elementor-tab-title-2413\" class=\"elementor-tab-title elementor-tab-desktop-title\" aria-selected=\"false\" data-tab=\"3\" role=\"tab\" tabindex=\"-1\" aria-controls=\"elementor-tab-content-2413\" aria-expanded=\"false\">Perfil de Egreso<\/div>\n\t\t\t\t\t\t\t\t\t<div id=\"elementor-tab-title-2414\" class=\"elementor-tab-title elementor-tab-desktop-title\" aria-selected=\"false\" data-tab=\"4\" role=\"tab\" tabindex=\"-1\" aria-controls=\"elementor-tab-content-2414\" aria-expanded=\"false\">Campo Laboral<\/div>\n\t\t\t\t\t\t\t<\/div>\n\t\t\t<div class=\"elementor-tabs-content-wrapper\" role=\"tablist\" aria-orientation=\"vertical\">\n\t\t\t\t\t\t\t\t\t<div class=\"elementor-tab-title elementor-tab-mobile-title\" aria-selected=\"true\" data-tab=\"1\" role=\"tab\" tabindex=\"0\" aria-controls=\"elementor-tab-content-2411\" aria-expanded=\"false\">Perfil de Ingreso<\/div>\n\t\t\t\t\t<div id=\"elementor-tab-content-2411\" class=\"elementor-tab-content elementor-clearfix\" data-tab=\"1\" role=\"tabpanel\" aria-labelledby=\"elementor-tab-title-2411\" tabindex=\"0\" hidden=\"false\"><ul><li>Certificado original de Bachillerato \u00fanico o en Ciencias Qu\u00edmico-Biol\u00f3gicas<\/li><li>Constancia de buena conducta otorgada por la escuela preparatoria de procedencia<\/li><li>Constancia de haber cursado el Bachillerato en la escuela de procedencia\u00a0<\/li><li>Acta de nacimiento original reciente<\/li><li>Carta compromiso del Padre o Tutor mediante la cual se responsabiliza de la educaci\u00f3n del aspirante<\/li><li>CURP<\/li><li>Copia del INE\u00a0<\/li><li>Autenticidad del certificado de Bachillerato<\/li><\/ul><\/div>\n\t\t\t\t\t\t\t\t\t<div class=\"elementor-tab-title elementor-tab-mobile-title\" aria-selected=\"false\" data-tab=\"2\" role=\"tab\" tabindex=\"-1\" aria-controls=\"elementor-tab-content-2412\" aria-expanded=\"false\">Programa de estudios<\/div>\n\t\t\t\t\t<div id=\"elementor-tab-content-2412\" class=\"elementor-tab-content elementor-clearfix\" data-tab=\"2\" role=\"tabpanel\" aria-labelledby=\"elementor-tab-title-2412\" tabindex=\"0\" hidden=\"hidden\"><p><strong>PRIMER SEMESTRE<\/strong><\/p><ol><li>Estructura y Funci\u00f3n del Cuerpo Humano: Aspectos Morfol\u00f3gicos<\/li><li>Metodolog\u00eda Diagn\u00f3stica de Enfermer\u00eda<\/li><li>Enfermer\u00eda Comunitaria I<\/li><li>Antropolog\u00eda de la Salud<\/li><li>Did\u00e1ctica en Enfermer\u00eda<\/li><li>Evoluci\u00f3n de los Cuidados de Enfermer\u00eda<\/li><li>Comunicaci\u00f3n<\/li><\/ol><p><strong>SEGUNDO SEMESTRE<\/strong><\/p><ol><li>Estructura y Funci\u00f3n del Cuerpo Humano: Aspectos Fisiol\u00f3gicos<\/li><li>Fundamentos de Enfermer\u00eda I<\/li><li>Enfermer\u00eda Comunitaria II<\/li><li>Terminolog\u00eda en Enfermer\u00eda<\/li><li>Enfermer\u00eda Pr\u00e1ctica Comunitaria II<\/li><li>Microbiolog\u00eda Cl\u00ednica y Sanitaria<\/li><li>Bioqu\u00edmica<\/li><\/ol><p><strong>TERCER SEMESTRE<\/strong><\/p><ol><li>Problemas Bio\u00e9ticos en los Cuidados de Enfermer\u00eda<\/li><li>Fundamentos de Enfermer\u00eda II<\/li><li>Atenci\u00f3n de Enfermer\u00eda en los Aspectos Ps\u00edquicos del Enfermar Humano<\/li><li>Psicolog\u00eda Social<\/li><li>Metodolog\u00eda de la Investigaci\u00f3n I<\/li><li>Enfermer\u00eda Cl\u00ednica Fundamental<\/li><\/ol><p><strong>CUARTO SEMESTRE<\/strong><\/p><ol><li>Legislaci\u00f3n y \u00e9tica Profesional<\/li><li>Enfermer\u00eda M\u00e9dica en el Adulto<\/li><li>Semiolog\u00eda Proped\u00e9utica Cl\u00ednica<\/li><li>Patolog\u00eda del Adulto<\/li><li>Metodolog\u00eda de la Investigaci\u00f3n II<\/li><li>Enfermer\u00eda Cl\u00ednica Quir\u00fargica del Adulto<\/li><li>Administraci\u00f3n de los Servicios de Salud<\/li><\/ol><p><strong>QUINTO SEMESTRE<\/strong><\/p><ol><li>Enfermer\u00eda Obst\u00e9tricia<\/li><li>Nutrici\u00f3n y Dietoterapia para el Adulto<\/li><li>Enfermer\u00eda del Ni\u00f1o<\/li><li>Ginecolog\u00eda<\/li><li>Procesos Psicol\u00f3gicos de Usuarios de Sistemas de Salud<\/li><li>Seminario de Servicio Social<\/li><li>Enfermer\u00eda Cl\u00ednica del Ni\u00f1o<\/li><\/ol><p><strong>SEXTO SEMESTRE<\/strong><\/p><ol><li>Enfermer\u00eda Obst\u00e9tricia II<\/li><li>Salud Sexual y Reproductiva<\/li><li>Gesti\u00f3n y Administraci\u00f3n de los Cuidados de Enfermer\u00eda<\/li><li>Fisioanatom\u00eda Reproductiva<\/li><li>Ciencias Psicosociales Aplicadas<\/li><li>Ingles I B\u00e1sico<\/li><li>Enfermer\u00eda Cl\u00ednica de la Mujer<\/li><\/ol><p><strong>SEPTIMO SEMESTRE<\/strong><\/p><ol><li>Evaluaci\u00f3n de las Intervenciones en Enfermer\u00eda<\/li><li>Ingles II Intermedio<\/li><li>Proceso de Enfermer\u00eda Obst\u00e9trico &#8211; Ginecol\u00f3gica<\/li><li>Pr\u00e1cticas Profesionales Integradas<\/li><li>Psicoprofilaxis Obst\u00e9tricas<\/li><li>Optativa<\/li><li>Optativa<\/li><\/ol><p><strong>OCTAVO SEMESTRE<\/strong><\/p><ol><li>Enfermer\u00eda Materno Infantil a pacientes Cr\u00edticos<\/li><li>Proyecto de Investigaci\u00f3n en Enfermer\u00eda<\/li><li>Ingles Avanzado III<\/li><li>Pr\u00e1cticas Profesionales Integradas<\/li><li>Optativa<\/li><li>Optativa<\/li><li>Optativa<\/li><\/ol><\/div>\n\t\t\t\t\t\t\t\t\t<div class=\"elementor-tab-title elementor-tab-mobile-title\" aria-selected=\"false\" data-tab=\"3\" role=\"tab\" tabindex=\"-1\" aria-controls=\"elementor-tab-content-2413\" aria-expanded=\"false\">Perfil de Egreso<\/div>\n\t\t\t\t\t<div id=\"elementor-tab-content-2413\" class=\"elementor-tab-content elementor-clearfix\" data-tab=\"3\" role=\"tabpanel\" aria-labelledby=\"elementor-tab-title-2413\" tabindex=\"0\" hidden=\"hidden\">Lorem ipsum dolor sit amet, consectetur adipiscing elit. Ut elit tellus, luctus nec ullamcorper mattis, pulvinar dapibus leo.<\/div>\n\t\t\t\t\t\t\t\t\t<div class=\"elementor-tab-title elementor-tab-mobile-title\" aria-selected=\"false\" data-tab=\"4\" role=\"tab\" tabindex=\"-1\" aria-controls=\"elementor-tab-content-2414\" aria-expanded=\"false\">Campo Laboral<\/div>\n\t\t\t\t\t<div id=\"elementor-tab-content-2414\" class=\"elementor-tab-content elementor-clearfix\" data-tab=\"4\" role=\"tabpanel\" aria-labelledby=\"elementor-tab-title-2414\" tabindex=\"0\" hidden=\"hidden\">Contenido de la pesta\u00f1a<\/div>\n\t\t\t\t\t\t\t<\/div>\n\t\t<\/div>\n\t\t\t\t<\/div>\n\t\t\t\t<\/div>\n\t\t\t\t\t<\/div>\n\t\t<\/div>\n\t\t\t\t<div class=\"elementor-column elementor-col-50 elementor-inner-column elementor-element elementor-element-26b8fbf\" data-id=\"26b8fbf\" data-element_type=\"column\">\n\t\t\t<div class=\"elementor-widget-wrap elementor-element-populated\">\n\t\t\t\t\t\t\t\t<div class=\"elementor-element elementor-element-674448b elementor-widget elementor-widget-image\" data-id=\"674448b\" data-element_type=\"widget\" data-widget_type=\"image.default\">\n\t\t\t\t<div class=\"elementor-widget-container\">\n\t\t\t\t\t\t\t\t\t\t\t\t\t\t\t<img loading=\"lazy\" decoding=\"async\" width=\"847\" height=\"845\" src=\"https:\/\/ucemtepic.edu.mx\/wp-content\/uploads\/2021\/05\/Programas-acade\u0301micos-15-1024x1021.jpg\" class=\"attachment-large size-large\" alt=\"\" srcset=\"https:\/\/ucemtepic.edu.mx\/wp-content\/uploads\/2021\/05\/Programas-acade\u0301micos-15-1024x1021.jpg 1024w, https:\/\/ucemtepic.edu.mx\/wp-content\/uploads\/2021\/05\/Programas-acade\u0301micos-15-300x300.jpg 300w, https:\/\/ucemtepic.edu.mx\/wp-content\/uploads\/2021\/05\/Programas-acade\u0301micos-15-150x150.jpg 150w, https:\/\/ucemtepic.edu.mx\/wp-content\/uploads\/2021\/05\/Programas-acade\u0301micos-15-768x766.jpg 768w, https:\/\/ucemtepic.edu.mx\/wp-content\/uploads\/2021\/05\/Programas-acade\u0301micos-15-271x270.jpg 271w, https:\/\/ucemtepic.edu.mx\/wp-content\/uploads\/2021\/05\/Programas-acade\u0301micos-15.jpg 1202w\" sizes=\"auto, (max-width: 847px) 100vw, 847px\" \/>\t\t\t\t\t\t\t\t\t\t\t\t\t\t\t<\/div>\n\t\t\t\t<\/div>\n\t\t\t\t\t<\/div>\n\t\t<\/div>\n\t\t\t\t\t\t\t<\/div>\n\t\t<\/section>\n\t\t\t\t\t<\/div>\n\t\t<\/div>\n\t\t\t\t\t\t\t<\/div>\n\t\t<\/section>\n\t\t\t\t<section class=\"elementor-section elementor-top-section elementor-element elementor-element-55f58ce elementor-section-boxed elementor-section-height-default elementor-section-height-default\" data-id=\"55f58ce\" data-element_type=\"section\">\n\t\t\t\t\t\t<div class=\"elementor-container elementor-column-gap-default\">\n\t\t\t\t\t<div class=\"elementor-column elementor-col-100 elementor-top-column elementor-element elementor-element-3315d8c\" data-id=\"3315d8c\" data-element_type=\"column\">\n\t\t\t<div class=\"elementor-widget-wrap elementor-element-populated\">\n\t\t\t\t\t\t\t\t<div class=\"elementor-element elementor-element-1f4292f elementor-widget elementor-widget-spacer\" data-id=\"1f4292f\" data-element_type=\"widget\" data-widget_type=\"spacer.default\">\n\t\t\t\t<div class=\"elementor-widget-container\">\n\t\t\t\t\t<div class=\"elementor-spacer\">\n\t\t\t<div class=\"elementor-spacer-inner\"><\/div>\n\t\t<\/div>\n\t\t\t\t<\/div>\n\t\t\t\t<\/div>\n\t\t\t\t\t<\/div>\n\t\t<\/div>\n\t\t\t\t\t\t\t<\/div>\n\t\t<\/section>\n\t\t\t\t<section class=\"elementor-section elementor-top-section elementor-element elementor-element-1600d07 elementor-section-boxed elementor-section-height-default elementor-section-height-default\" data-id=\"1600d07\" data-element_type=\"section\">\n\t\t\t\t\t\t<div class=\"elementor-container elementor-column-gap-default\">\n\t\t\t\t\t<div class=\"elementor-column elementor-col-100 elementor-top-column elementor-element elementor-element-957ced3\" data-id=\"957ced3\" data-element_type=\"column\">\n\t\t\t<div class=\"elementor-widget-wrap elementor-element-populated\">\n\t\t\t\t\t\t\t\t<div class=\"elementor-element elementor-element-736eb3e elementor-align-justify elementor-widget elementor-widget-button\" data-id=\"736eb3e\" data-element_type=\"widget\" data-widget_type=\"button.default\">\n\t\t\t\t<div class=\"elementor-widget-container\">\n\t\t\t\t\t<div class=\"elementor-button-wrapper\">\n\t\t\t<a href=\"#\" class=\"elementor-button-link elementor-button elementor-size-sm\" role=\"button\">\n\t\t\t\t\t\t<span class=\"elementor-button-content-wrapper\">\n\t\t\t\t\t\t<span class=\"elementor-button-text\">\u00bfTe interesa estudiar esta licenciatura en la UCEM?<\/span>\n\t\t<\/span>\n\t\t\t\t\t<\/a>\n\t\t<\/div>\n\t\t\t\t<\/div>\n\t\t\t\t<\/div>\n\t\t\t\t\t<\/div>\n\t\t<\/div>\n\t\t\t\t\t\t\t<\/div>\n\t\t<\/section>\n\t\t\t\t\t\t<\/div>\n\t\t\t\t\t<\/div>\n\t\t","protected":false},"excerpt":{"rendered":"<p>Enfermer\u00eda y Obstetricia El Licenciado en Enfermer\u00eda y Obstetricia es el profesional que se caracterizapor brindar cuidados de enfermer\u00eda con enfoque hol\u00edstico, intercultural y deg\u00e9nero a la poblaci\u00f3n mexicana en general, dirigidos en preservar su salud ycontribuir a la soluci\u00f3n <a href=\"https:\/\/ucemtepic.edu.mx\/index.php\/enfermeria-y-obstreticia-4\/\" class=\"read-more\">Leer m\u00e1s&#8230;<\/a><\/p>\n","protected":false},"author":1,"featured_media":0,"parent":0,"menu_order":0,"comment_status":"closed","ping_status":"closed","template":"","meta":{"footnotes":""},"class_list":["post-167","page","type-page","status-publish","hentry"],"_links":{"self":[{"href":"https:\/\/ucemtepic.edu.mx\/index.php\/wp-json\/wp\/v2\/pages\/167","targetHints":{"allow":["GET"]}}],"collection":[{"href":"https:\/\/ucemtepic.edu.mx\/index.php\/wp-json\/wp\/v2\/pages"}],"about":[{"href":"https:\/\/ucemtepic.edu.mx\/index.php\/wp-json\/wp\/v2\/types\/page"}],"author":[{"embeddable":true,"href":"https:\/\/ucemtepic.edu.mx\/index.php\/wp-json\/wp\/v2\/users\/1"}],"replies":[{"embeddable":true,"href":"https:\/\/ucemtepic.edu.mx\/index.php\/wp-json\/wp\/v2\/comments?post=167"}],"version-history":[{"count":18,"href":"https:\/\/ucemtepic.edu.mx\/index.php\/wp-json\/wp\/v2\/pages\/167\/revisions"}],"predecessor-version":[{"id":1567,"href":"https:\/\/ucemtepic.edu.mx\/index.php\/wp-json\/wp\/v2\/pages\/167\/revisions\/1567"}],"wp:attachment":[{"href":"https:\/\/ucemtepic.edu.mx\/index.php\/wp-json\/wp\/v2\/media?parent=167"}],"curies":[{"name":"wp","href":"https:\/\/api.w.org\/{rel}","templated":true}]}}