{"id":169,"date":"2021-04-23T03:14:24","date_gmt":"2021-04-23T03:14:24","guid":{"rendered":"https:\/\/ucemtepic.edu.mx\/?page_id=169"},"modified":"2022-08-15T14:46:03","modified_gmt":"2022-08-15T14:46:03","slug":"imagenologia-4","status":"publish","type":"page","link":"https:\/\/ucemtepic.edu.mx\/index.php\/imagenologia-4\/","title":{"rendered":"Licenciatura en Imagenolog\u00eda"},"content":{"rendered":"\t\t<div data-elementor-type=\"wp-page\" data-elementor-id=\"169\" class=\"elementor elementor-169\" data-elementor-settings=\"[]\">\n\t\t\t\t\t\t\t<div class=\"elementor-section-wrap\">\n\t\t\t\t\t\t\t<section class=\"elementor-section elementor-top-section elementor-element elementor-element-58c31c7 elementor-section-boxed elementor-section-height-default elementor-section-height-default\" data-id=\"58c31c7\" data-element_type=\"section\">\n\t\t\t\t\t\t<div class=\"elementor-container elementor-column-gap-default\">\n\t\t\t\t\t<div class=\"elementor-column elementor-col-100 elementor-top-column elementor-element elementor-element-a072cd1\" data-id=\"a072cd1\" data-element_type=\"column\">\n\t\t\t<div class=\"elementor-widget-wrap elementor-element-populated\">\n\t\t\t\t\t\t\t\t<div class=\"elementor-element elementor-element-296923a elementor-widget elementor-widget-heading\" data-id=\"296923a\" data-element_type=\"widget\" data-widget_type=\"heading.default\">\n\t\t\t\t<div class=\"elementor-widget-container\">\n\t\t\t<h2 class=\"elementor-heading-title elementor-size-large\">Imagenolog\u00eda<\/h2>\t\t<\/div>\n\t\t\t\t<\/div>\n\t\t\t\t\t<\/div>\n\t\t<\/div>\n\t\t\t\t\t\t\t<\/div>\n\t\t<\/section>\n\t\t\t\t<section class=\"elementor-section elementor-top-section elementor-element elementor-element-e5fecad elementor-section-boxed elementor-section-height-default elementor-section-height-default\" data-id=\"e5fecad\" data-element_type=\"section\">\n\t\t\t\t\t\t<div class=\"elementor-container elementor-column-gap-default\">\n\t\t\t\t\t<div class=\"elementor-column elementor-col-100 elementor-top-column elementor-element elementor-element-d083fa3\" data-id=\"d083fa3\" data-element_type=\"column\">\n\t\t\t<div class=\"elementor-widget-wrap elementor-element-populated\">\n\t\t\t\t\t\t\t\t<div class=\"elementor-element elementor-element-2478da2 elementor-widget elementor-widget-text-editor\" data-id=\"2478da2\" data-element_type=\"widget\" data-widget_type=\"text-editor.default\">\n\t\t\t\t<div class=\"elementor-widget-container\">\n\t\t\t\t\t\t\t<p>El Licenciado en Imagenolog\u00eda, aplica y valida los procesos de obtenci\u00f3n de<br \/>im\u00e1genes acordes a los avances de ciencias y tecnolog\u00eda, con un pensamiento<br \/>cient\u00edfico y humanista. La anatom\u00eda humana normal y potol\u00f3gica, para obtener<br \/>estudios de im\u00e1genes a trav\u00e9s del uso de radiaciones ionizantes y no ionizantes.<br \/>El objetivo general es formar licenciados en imagenolog\u00eda y con calidad cient\u00edfica,<br \/>human\u00edstica y \u00e9tica, capaces de aplicar y validar los procesos de obtenci\u00f3n de<br \/>im\u00e1genes acorde a los avances de la ciencia y tecnolog\u00eda, con un pensamiento<br \/>cr\u00edtico desde un enfoque constructivista.<\/p><p><em><strong>Duraci\u00f3n 4 a\u00f1os<\/strong><\/em><\/p>\t\t\t\t\t\t<\/div>\n\t\t\t\t<\/div>\n\t\t\t\t\t<\/div>\n\t\t<\/div>\n\t\t\t\t\t\t\t<\/div>\n\t\t<\/section>\n\t\t\t\t<section class=\"elementor-section elementor-top-section elementor-element elementor-element-0f491ff elementor-section-boxed elementor-section-height-default elementor-section-height-default\" data-id=\"0f491ff\" data-element_type=\"section\">\n\t\t\t\t\t\t<div class=\"elementor-container elementor-column-gap-default\">\n\t\t\t\t\t<div class=\"elementor-column elementor-col-100 elementor-top-column elementor-element elementor-element-d19815f\" data-id=\"d19815f\" data-element_type=\"column\">\n\t\t\t<div class=\"elementor-widget-wrap elementor-element-populated\">\n\t\t\t\t\t\t\t\t<section class=\"elementor-section elementor-inner-section elementor-element elementor-element-e3f9f07 elementor-section-boxed elementor-section-height-default elementor-section-height-default\" data-id=\"e3f9f07\" data-element_type=\"section\">\n\t\t\t\t\t\t<div class=\"elementor-container elementor-column-gap-default\">\n\t\t\t\t\t<div class=\"elementor-column elementor-col-50 elementor-inner-column elementor-element elementor-element-d9cc73d\" data-id=\"d9cc73d\" data-element_type=\"column\">\n\t\t\t<div class=\"elementor-widget-wrap elementor-element-populated\">\n\t\t\t\t\t\t\t\t<div class=\"elementor-element elementor-element-1ba3f3a elementor-tabs-view-horizontal elementor-widget elementor-widget-tabs\" data-id=\"1ba3f3a\" data-element_type=\"widget\" data-widget_type=\"tabs.default\">\n\t\t\t\t<div class=\"elementor-widget-container\">\n\t\t\t\t\t<div class=\"elementor-tabs\">\n\t\t\t<div class=\"elementor-tabs-wrapper\" role=\"tablist\" >\n\t\t\t\t\t\t\t\t\t<div id=\"elementor-tab-title-2891\" class=\"elementor-tab-title elementor-tab-desktop-title\" aria-selected=\"true\" data-tab=\"1\" role=\"tab\" tabindex=\"0\" aria-controls=\"elementor-tab-content-2891\" aria-expanded=\"false\">Perfil de Ingreso<\/div>\n\t\t\t\t\t\t\t\t\t<div id=\"elementor-tab-title-2892\" class=\"elementor-tab-title elementor-tab-desktop-title\" aria-selected=\"false\" data-tab=\"2\" role=\"tab\" tabindex=\"-1\" aria-controls=\"elementor-tab-content-2892\" aria-expanded=\"false\">Programa de estudios<\/div>\n\t\t\t\t\t\t\t\t\t<div id=\"elementor-tab-title-2893\" class=\"elementor-tab-title elementor-tab-desktop-title\" aria-selected=\"false\" data-tab=\"3\" role=\"tab\" tabindex=\"-1\" aria-controls=\"elementor-tab-content-2893\" aria-expanded=\"false\">Perfil de Egreso<\/div>\n\t\t\t\t\t\t\t\t\t<div id=\"elementor-tab-title-2894\" class=\"elementor-tab-title elementor-tab-desktop-title\" aria-selected=\"false\" data-tab=\"4\" role=\"tab\" tabindex=\"-1\" aria-controls=\"elementor-tab-content-2894\" aria-expanded=\"false\">Campo Laboral<\/div>\n\t\t\t\t\t\t\t<\/div>\n\t\t\t<div class=\"elementor-tabs-content-wrapper\" role=\"tablist\" aria-orientation=\"vertical\">\n\t\t\t\t\t\t\t\t\t<div class=\"elementor-tab-title elementor-tab-mobile-title\" aria-selected=\"true\" data-tab=\"1\" role=\"tab\" tabindex=\"0\" aria-controls=\"elementor-tab-content-2891\" aria-expanded=\"false\">Perfil de Ingreso<\/div>\n\t\t\t\t\t<div id=\"elementor-tab-content-2891\" class=\"elementor-tab-content elementor-clearfix\" data-tab=\"1\" role=\"tabpanel\" aria-labelledby=\"elementor-tab-title-2891\" tabindex=\"0\" hidden=\"false\"><p style=\"margin-bottom: 0px; font-variant-numeric: normal; font-variant-east-asian: normal; font-stretch: normal; font-size: 11px; line-height: normal; font-family: &quot;Helvetica Neue&quot;; color: rgb(0, 0, 0);\"><ul><li>Certificado original de Bachillerato \u00fanico o en Ciencias Qu\u00edmico-Biol\u00f3gicas<\/li><li>Constancia de buena conducta otorgada por la escuela preparatoria de procedencia<\/li><li>Constancia de haber cursado el Bachillerato en la escuela de procedencia<span>&nbsp;<\/span><\/li><li>Acta de nacimiento original reciente<\/li><li>Carta compromiso del Padre o Tutor mediante la cual se responsabiliza de la educaci\u00f3n del aspirante<\/li><li>CURP<\/li><li>Copia del INE<span>&nbsp;<\/span><\/li><li>Autenticidad del certificado de Bachillerato<\/li><\/ul><\/p><\/div>\n\t\t\t\t\t\t\t\t\t<div class=\"elementor-tab-title elementor-tab-mobile-title\" aria-selected=\"false\" data-tab=\"2\" role=\"tab\" tabindex=\"-1\" aria-controls=\"elementor-tab-content-2892\" aria-expanded=\"false\">Programa de estudios<\/div>\n\t\t\t\t\t<div id=\"elementor-tab-content-2892\" class=\"elementor-tab-content elementor-clearfix\" data-tab=\"2\" role=\"tabpanel\" aria-labelledby=\"elementor-tab-title-2892\" tabindex=\"0\" hidden=\"hidden\"><p><strong>PRIMER SEMESTRE<\/strong><\/p><ol><li>Ingles I<\/li><li>Enfermer\u00eda<\/li><li>F\u00edsica B\u00e1sica<\/li><li>Psicolog\u00eda<\/li><li>Introducci\u00f3n al Trabajo Cient\u00edfico<\/li><li>Estructura y funci\u00f3n del cuerpo humano: Aspectos Morfol\u00f3gicos I<\/li><li>Computaci\u00f3n Aplicada a la Radiolog\u00eda e Imagenolog\u00eda<\/li><li>Bioqu\u00edmica<\/li><li>Estructura y funci\u00f3n del cuerpo humano: Aspectos Fisiol\u00f3gicos I<\/li><\/ol><p><strong>SEGUNDO SEMESTRE<\/strong><\/p><ol><li>Ingles II<\/li><li>Estructura y funci\u00f3n del cuerpo humano: Aspectos Morfol\u00f3gicos II<\/li><li>F\u00edsica y Radiolog\u00eda<\/li><li>Estructura y funci\u00f3n del cuerpo humano: Aspectos Fisiol\u00f3gicos II<\/li><li>Reproducci\u00f3n y Desarrollo<\/li><li>Salud P\u00fablica I<\/li><li>Metodolog\u00eda Cient\u00edfica I<\/li><li>T\u00e9cnicas Radiol\u00f3gicas I<\/li><li>Pr\u00e1cticas Cl\u00ednicas I<\/li><\/ol><p><strong>TERCER SEMESTRE<\/strong><\/p><ol><li>Ingles III<\/li><li>Metodolog\u00eda Cient\u00edfica II<\/li><li>Protecci\u00f3n Radiol\u00f3gica y Control de Calidad<\/li><li>Neurobiolog\u00eda I<\/li><li>Anatom\u00eda Radiol\u00f3gica I<\/li><li>T\u00e9cnicas Radiol\u00f3gicas II<\/li><li>Sistemas de Procesamiento de Imagen I<\/li><li>Farmacolog\u00eda<\/li><li>Pr\u00e1cticas Cl\u00ednicas II<\/li><\/ol><p><strong>CUARTO SEMESTRE<\/strong><\/p><ol><li>Ingles IV<\/li><li>Anatom\u00eda Radiol\u00f3gica II<\/li><li>Sistemas de Procesamiento de Imagen II<\/li><li>Neurobiolog\u00eda II<\/li><li>Digestivo Renal y End\u00f3crino I<\/li><li>T\u00e9cnicas Radiol\u00f3gicas III<\/li><li>Fisiopatolog\u00eda I<\/li><li>Imagenolog\u00eda Especializada I<\/li><li>Pr\u00e1cticas Cl\u00ednicas III<\/li><\/ol><p><strong>QUINTO SEMESTRE<\/strong><\/p><ol><li>Ingles V<\/li><li>Cardiovascular y Respiratorio I<\/li><li>T\u00e9cnicas Radiol\u00f3gicas IV<\/li><li>Imagenolog\u00eda Especializada II<\/li><li>Fisiopatolog\u00eda II<\/li><li>Estad\u00edstica<\/li><li>Digestivo Renal y End\u00f3crino II<\/li><li>Anatom\u00eda Radiol\u00f3gica III<\/li><li>Pr\u00e1cticas profesionales I<\/li><\/ol><p><strong>SEXTO SEMESTRE<\/strong><\/p><ol><li>Ingles VI<\/li><li>Cardiovascular y Respiratorio II<\/li><li>Anatom\u00eda Radiol\u00f3gica IV<\/li><li>Administraci\u00f3n de Hospitales<\/li><li>Imagenolog\u00eda Especializada III<\/li><li>Salud P\u00fablica II<\/li><li>Monograf\u00eda<\/li><li>Deontolog\u00eda y legislaci\u00f3n Laboral<\/li><li>Pr\u00e1cticas profesionales I<\/li><\/ol><\/div>\n\t\t\t\t\t\t\t\t\t<div class=\"elementor-tab-title elementor-tab-mobile-title\" aria-selected=\"false\" data-tab=\"3\" role=\"tab\" tabindex=\"-1\" aria-controls=\"elementor-tab-content-2893\" aria-expanded=\"false\">Perfil de Egreso<\/div>\n\t\t\t\t\t<div id=\"elementor-tab-content-2893\" class=\"elementor-tab-content elementor-clearfix\" data-tab=\"3\" role=\"tabpanel\" aria-labelledby=\"elementor-tab-title-2893\" tabindex=\"0\" hidden=\"hidden\">Lorem ipsum dolor sit amet, consectetur adipiscing elit. Ut elit tellus, luctus nec ullamcorper mattis, pulvinar dapibus leo.<\/div>\n\t\t\t\t\t\t\t\t\t<div class=\"elementor-tab-title elementor-tab-mobile-title\" aria-selected=\"false\" data-tab=\"4\" role=\"tab\" tabindex=\"-1\" aria-controls=\"elementor-tab-content-2894\" aria-expanded=\"false\">Campo Laboral<\/div>\n\t\t\t\t\t<div id=\"elementor-tab-content-2894\" class=\"elementor-tab-content elementor-clearfix\" data-tab=\"4\" role=\"tabpanel\" aria-labelledby=\"elementor-tab-title-2894\" tabindex=\"0\" hidden=\"hidden\">Contenido de la pesta\u00f1a<\/div>\n\t\t\t\t\t\t\t<\/div>\n\t\t<\/div>\n\t\t\t\t<\/div>\n\t\t\t\t<\/div>\n\t\t\t\t\t<\/div>\n\t\t<\/div>\n\t\t\t\t<div class=\"elementor-column elementor-col-50 elementor-inner-column elementor-element elementor-element-4b23aae\" data-id=\"4b23aae\" data-element_type=\"column\">\n\t\t\t<div class=\"elementor-widget-wrap elementor-element-populated\">\n\t\t\t\t\t\t\t\t<div class=\"elementor-element elementor-element-83e1ca2 elementor-widget elementor-widget-image\" data-id=\"83e1ca2\" data-element_type=\"widget\" data-widget_type=\"image.default\">\n\t\t\t\t<div class=\"elementor-widget-container\">\n\t\t\t\t\t\t\t\t\t\t\t\t\t\t\t<img loading=\"lazy\" decoding=\"async\" width=\"847\" height=\"847\" src=\"https:\/\/ucemtepic.edu.mx\/wp-content\/uploads\/2021\/05\/Programas-acade\u0301micos-10-1024x1024.jpg\" class=\"attachment-large size-large\" alt=\"\" srcset=\"https:\/\/ucemtepic.edu.mx\/wp-content\/uploads\/2021\/05\/Programas-acade\u0301micos-10-1024x1024.jpg 1024w, https:\/\/ucemtepic.edu.mx\/wp-content\/uploads\/2021\/05\/Programas-acade\u0301micos-10-300x300.jpg 300w, https:\/\/ucemtepic.edu.mx\/wp-content\/uploads\/2021\/05\/Programas-acade\u0301micos-10-150x150.jpg 150w, https:\/\/ucemtepic.edu.mx\/wp-content\/uploads\/2021\/05\/Programas-acade\u0301micos-10-768x768.jpg 768w, https:\/\/ucemtepic.edu.mx\/wp-content\/uploads\/2021\/05\/Programas-acade\u0301micos-10-270x270.jpg 270w, https:\/\/ucemtepic.edu.mx\/wp-content\/uploads\/2021\/05\/Programas-acade\u0301micos-10.jpg 1200w\" sizes=\"auto, (max-width: 847px) 100vw, 847px\" \/>\t\t\t\t\t\t\t\t\t\t\t\t\t\t\t<\/div>\n\t\t\t\t<\/div>\n\t\t\t\t\t<\/div>\n\t\t<\/div>\n\t\t\t\t\t\t\t<\/div>\n\t\t<\/section>\n\t\t\t\t\t<\/div>\n\t\t<\/div>\n\t\t\t\t\t\t\t<\/div>\n\t\t<\/section>\n\t\t\t\t<section class=\"elementor-section elementor-top-section elementor-element elementor-element-3973f80 elementor-section-boxed elementor-section-height-default elementor-section-height-default\" data-id=\"3973f80\" data-element_type=\"section\">\n\t\t\t\t\t\t<div class=\"elementor-container elementor-column-gap-default\">\n\t\t\t\t\t<div class=\"elementor-column elementor-col-100 elementor-top-column elementor-element elementor-element-53b1ea7\" data-id=\"53b1ea7\" data-element_type=\"column\">\n\t\t\t<div class=\"elementor-widget-wrap elementor-element-populated\">\n\t\t\t\t\t\t\t\t<div class=\"elementor-element elementor-element-bb1909a elementor-widget elementor-widget-spacer\" data-id=\"bb1909a\" data-element_type=\"widget\" data-widget_type=\"spacer.default\">\n\t\t\t\t<div class=\"elementor-widget-container\">\n\t\t\t\t\t<div class=\"elementor-spacer\">\n\t\t\t<div class=\"elementor-spacer-inner\"><\/div>\n\t\t<\/div>\n\t\t\t\t<\/div>\n\t\t\t\t<\/div>\n\t\t\t\t\t<\/div>\n\t\t<\/div>\n\t\t\t\t\t\t\t<\/div>\n\t\t<\/section>\n\t\t\t\t<section class=\"elementor-section elementor-top-section elementor-element elementor-element-8579aad elementor-section-boxed elementor-section-height-default elementor-section-height-default\" data-id=\"8579aad\" data-element_type=\"section\">\n\t\t\t\t\t\t<div class=\"elementor-container elementor-column-gap-default\">\n\t\t\t\t\t<div class=\"elementor-column elementor-col-100 elementor-top-column elementor-element elementor-element-6c8180a\" data-id=\"6c8180a\" data-element_type=\"column\">\n\t\t\t<div class=\"elementor-widget-wrap elementor-element-populated\">\n\t\t\t\t\t\t\t\t<div class=\"elementor-element elementor-element-5b5d496 elementor-align-justify elementor-widget elementor-widget-button\" data-id=\"5b5d496\" data-element_type=\"widget\" data-widget_type=\"button.default\">\n\t\t\t\t<div class=\"elementor-widget-container\">\n\t\t\t\t\t<div class=\"elementor-button-wrapper\">\n\t\t\t<a href=\"#\" class=\"elementor-button-link elementor-button elementor-size-sm\" role=\"button\">\n\t\t\t\t\t\t<span class=\"elementor-button-content-wrapper\">\n\t\t\t\t\t\t<span class=\"elementor-button-text\">\u00bfTe interesa estudiar esta licenciatura en la UCEM?<\/span>\n\t\t<\/span>\n\t\t\t\t\t<\/a>\n\t\t<\/div>\n\t\t\t\t<\/div>\n\t\t\t\t<\/div>\n\t\t\t\t\t<\/div>\n\t\t<\/div>\n\t\t\t\t\t\t\t<\/div>\n\t\t<\/section>\n\t\t\t\t\t\t<\/div>\n\t\t\t\t\t<\/div>\n\t\t","protected":false},"excerpt":{"rendered":"<p>Imagenolog\u00eda El Licenciado en Imagenolog\u00eda, aplica y valida los procesos de obtenci\u00f3n deim\u00e1genes acordes a los avances de ciencias y tecnolog\u00eda, con un pensamientocient\u00edfico y humanista. La anatom\u00eda humana normal y potol\u00f3gica, para obtenerestudios de im\u00e1genes a trav\u00e9s del uso <a href=\"https:\/\/ucemtepic.edu.mx\/index.php\/imagenologia-4\/\" class=\"read-more\">Leer m\u00e1s&#8230;<\/a><\/p>\n","protected":false},"author":1,"featured_media":0,"parent":0,"menu_order":0,"comment_status":"closed","ping_status":"closed","template":"","meta":{"footnotes":""},"class_list":["post-169","page","type-page","status-publish","hentry"],"_links":{"self":[{"href":"https:\/\/ucemtepic.edu.mx\/index.php\/wp-json\/wp\/v2\/pages\/169","targetHints":{"allow":["GET"]}}],"collection":[{"href":"https:\/\/ucemtepic.edu.mx\/index.php\/wp-json\/wp\/v2\/pages"}],"about":[{"href":"https:\/\/ucemtepic.edu.mx\/index.php\/wp-json\/wp\/v2\/types\/page"}],"author":[{"embeddable":true,"href":"https:\/\/ucemtepic.edu.mx\/index.php\/wp-json\/wp\/v2\/users\/1"}],"replies":[{"embeddable":true,"href":"https:\/\/ucemtepic.edu.mx\/index.php\/wp-json\/wp\/v2\/comments?post=169"}],"version-history":[{"count":27,"href":"https:\/\/ucemtepic.edu.mx\/index.php\/wp-json\/wp\/v2\/pages\/169\/revisions"}],"predecessor-version":[{"id":1576,"href":"https:\/\/ucemtepic.edu.mx\/index.php\/wp-json\/wp\/v2\/pages\/169\/revisions\/1576"}],"wp:attachment":[{"href":"https:\/\/ucemtepic.edu.mx\/index.php\/wp-json\/wp\/v2\/media?parent=169"}],"curies":[{"name":"wp","href":"https:\/\/api.w.org\/{rel}","templated":true}]}}