{"id":208,"date":"2021-04-23T03:25:25","date_gmt":"2021-04-23T03:25:25","guid":{"rendered":"https:\/\/ucemtepic.edu.mx\/?page_id=208"},"modified":"2022-08-15T15:49:13","modified_gmt":"2022-08-15T15:49:13","slug":"cuidados-intensivos-4","status":"publish","type":"page","link":"https:\/\/ucemtepic.edu.mx\/index.php\/cuidados-intensivos-4\/","title":{"rendered":"Especialidad de Enfermer\u00eda en Cuidados Intensivos"},"content":{"rendered":"\t\t<div data-elementor-type=\"wp-page\" data-elementor-id=\"208\" class=\"elementor elementor-208\" data-elementor-settings=\"[]\">\n\t\t\t\t\t\t\t<div class=\"elementor-section-wrap\">\n\t\t\t\t\t\t\t<section class=\"elementor-section elementor-top-section elementor-element elementor-element-b48059b elementor-section-boxed elementor-section-height-default elementor-section-height-default\" data-id=\"b48059b\" data-element_type=\"section\">\n\t\t\t\t\t\t<div class=\"elementor-container elementor-column-gap-default\">\n\t\t\t\t\t<div class=\"elementor-column elementor-col-100 elementor-top-column elementor-element elementor-element-13953dc\" data-id=\"13953dc\" data-element_type=\"column\">\n\t\t\t<div class=\"elementor-widget-wrap elementor-element-populated\">\n\t\t\t\t\t\t\t\t<div class=\"elementor-element elementor-element-88ef7e5 elementor-widget elementor-widget-heading\" data-id=\"88ef7e5\" data-element_type=\"widget\" data-widget_type=\"heading.default\">\n\t\t\t\t<div class=\"elementor-widget-container\">\n\t\t\t<h2 class=\"elementor-heading-title elementor-size-large\">Cuidados Intensivos<\/h2>\t\t<\/div>\n\t\t\t\t<\/div>\n\t\t\t\t\t<\/div>\n\t\t<\/div>\n\t\t\t\t\t\t\t<\/div>\n\t\t<\/section>\n\t\t\t\t<section class=\"elementor-section elementor-top-section elementor-element elementor-element-b825e24 elementor-section-boxed elementor-section-height-default elementor-section-height-default\" data-id=\"b825e24\" data-element_type=\"section\">\n\t\t\t\t\t\t<div class=\"elementor-container elementor-column-gap-default\">\n\t\t\t\t\t<div class=\"elementor-column elementor-col-100 elementor-top-column elementor-element elementor-element-8f26497\" data-id=\"8f26497\" data-element_type=\"column\">\n\t\t\t<div class=\"elementor-widget-wrap elementor-element-populated\">\n\t\t\t\t\t\t\t\t<div class=\"elementor-element elementor-element-34fd3e0 elementor-widget elementor-widget-text-editor\" data-id=\"34fd3e0\" data-element_type=\"widget\" data-widget_type=\"text-editor.default\">\n\t\t\t\t<div class=\"elementor-widget-container\">\n\t\t\t\t\t\t\t<p>La Especialidad de Enfermer\u00eda en Cuidados Intensivos es formar personal de<br \/>enfermer\u00eda especialista en cuidados intensivos de manera integral y competentes<br \/>con conocimientos, habilidades, actitudes y valores que le permiten proporcionar<br \/>cuidados de calidad y de alta especializaci\u00f3n al paciente.<\/p><p><em><strong>Duraci\u00f3n 1 a\u00f1o 3 meses<\/strong><\/em><\/p>\t\t\t\t\t\t<\/div>\n\t\t\t\t<\/div>\n\t\t\t\t\t<\/div>\n\t\t<\/div>\n\t\t\t\t\t\t\t<\/div>\n\t\t<\/section>\n\t\t\t\t<section class=\"elementor-section elementor-top-section elementor-element elementor-element-de9aa8c elementor-section-boxed elementor-section-height-default elementor-section-height-default\" data-id=\"de9aa8c\" data-element_type=\"section\">\n\t\t\t\t\t\t<div class=\"elementor-container elementor-column-gap-default\">\n\t\t\t\t\t<div class=\"elementor-column elementor-col-100 elementor-top-column elementor-element elementor-element-c032085\" data-id=\"c032085\" data-element_type=\"column\">\n\t\t\t<div class=\"elementor-widget-wrap elementor-element-populated\">\n\t\t\t\t\t\t\t\t<section class=\"elementor-section elementor-inner-section elementor-element elementor-element-cf69f9a elementor-section-boxed elementor-section-height-default elementor-section-height-default\" data-id=\"cf69f9a\" data-element_type=\"section\">\n\t\t\t\t\t\t<div class=\"elementor-container elementor-column-gap-default\">\n\t\t\t\t\t<div class=\"elementor-column elementor-col-50 elementor-inner-column elementor-element elementor-element-62d82ed\" data-id=\"62d82ed\" data-element_type=\"column\">\n\t\t\t<div class=\"elementor-widget-wrap elementor-element-populated\">\n\t\t\t\t\t\t\t\t<div class=\"elementor-element elementor-element-60c13a1 elementor-tabs-view-horizontal elementor-widget elementor-widget-tabs\" data-id=\"60c13a1\" data-element_type=\"widget\" data-widget_type=\"tabs.default\">\n\t\t\t\t<div class=\"elementor-widget-container\">\n\t\t\t\t\t<div class=\"elementor-tabs\">\n\t\t\t<div class=\"elementor-tabs-wrapper\" role=\"tablist\" >\n\t\t\t\t\t\t\t\t\t<div id=\"elementor-tab-title-1011\" class=\"elementor-tab-title elementor-tab-desktop-title\" aria-selected=\"true\" data-tab=\"1\" role=\"tab\" tabindex=\"0\" aria-controls=\"elementor-tab-content-1011\" aria-expanded=\"false\">Perfil de Ingreso<\/div>\n\t\t\t\t\t\t\t\t\t<div id=\"elementor-tab-title-1012\" class=\"elementor-tab-title elementor-tab-desktop-title\" aria-selected=\"false\" data-tab=\"2\" role=\"tab\" tabindex=\"-1\" aria-controls=\"elementor-tab-content-1012\" aria-expanded=\"false\">Programa de estudios<\/div>\n\t\t\t\t\t\t\t\t\t<div id=\"elementor-tab-title-1013\" class=\"elementor-tab-title elementor-tab-desktop-title\" aria-selected=\"false\" data-tab=\"3\" role=\"tab\" tabindex=\"-1\" aria-controls=\"elementor-tab-content-1013\" aria-expanded=\"false\">Perfil de Egreso<\/div>\n\t\t\t\t\t\t\t\t\t<div id=\"elementor-tab-title-1014\" class=\"elementor-tab-title elementor-tab-desktop-title\" aria-selected=\"false\" data-tab=\"4\" role=\"tab\" tabindex=\"-1\" aria-controls=\"elementor-tab-content-1014\" aria-expanded=\"false\">Campo Laboral<\/div>\n\t\t\t\t\t\t\t<\/div>\n\t\t\t<div class=\"elementor-tabs-content-wrapper\" role=\"tablist\" aria-orientation=\"vertical\">\n\t\t\t\t\t\t\t\t\t<div class=\"elementor-tab-title elementor-tab-mobile-title\" aria-selected=\"true\" data-tab=\"1\" role=\"tab\" tabindex=\"0\" aria-controls=\"elementor-tab-content-1011\" aria-expanded=\"false\">Perfil de Ingreso<\/div>\n\t\t\t\t\t<div id=\"elementor-tab-content-1011\" class=\"elementor-tab-content elementor-clearfix\" data-tab=\"1\" role=\"tabpanel\" aria-labelledby=\"elementor-tab-title-1011\" tabindex=\"0\" hidden=\"false\"><ul><li>Acta de nacimiento\u00a0<\/li><li>CURP<\/li><li>Certificado de licenciatura<\/li><li>T\u00edtulo de licenciatura<\/li><li>C\u00e9dula profesional<\/li><li>INE<\/li><li>Certificado de Bachillerato<\/li><li>Autenticidad de Bachillerato<\/li><\/ul><\/div>\n\t\t\t\t\t\t\t\t\t<div class=\"elementor-tab-title elementor-tab-mobile-title\" aria-selected=\"false\" data-tab=\"2\" role=\"tab\" tabindex=\"-1\" aria-controls=\"elementor-tab-content-1012\" aria-expanded=\"false\">Programa de estudios<\/div>\n\t\t\t\t\t<div id=\"elementor-tab-content-1012\" class=\"elementor-tab-content elementor-clearfix\" data-tab=\"2\" role=\"tabpanel\" aria-labelledby=\"elementor-tab-title-1012\" tabindex=\"0\" hidden=\"hidden\"><p><strong>PRIMER TRIMESTRE<\/strong><\/p><ol><li>An\u00e1lisis Socioecon\u00f3mico Mundial y de M\u00e9xico<\/li><li>Bio\u00e9tica y Tanatolog\u00eda<\/li><li>Teor\u00edas y proceso de Enfermer\u00eda<\/li><li>Did\u00e1ctica en Enfermer\u00eda de la Salud<\/li><li>Bioqu\u00edmica<\/li><li>Metodolog\u00eda de la Investigaci\u00f3n<\/li><li>Epidemiolog\u00eda<\/li><li>Bioestad\u00edstica<\/li><\/ol><p><strong>SEGUNDO TRIMESTRE<\/strong><\/p><ol><li>Patolog\u00eda I<\/li><li>Farmacolog\u00eda I<\/li><li>Proceso de Enfermer\u00eda en Cuidados Intensivos<\/li><li>Seminario de Investigaci\u00f3n I<\/li><li>Pr\u00e1ctica I<\/li><li>Ejercicio de Integraci\u00f3n I<\/li><\/ol><p><strong>TERCER TRIMESTRE<\/strong><\/p><ol><li>Patolog\u00eda II<\/li><li>Farmacolog\u00eda II<\/li><li>Proceso de Enfermer\u00eda en Cuidados Intensivos<\/li><li>Seminario de Investigaci\u00f3n II<\/li><li>Pr\u00e1ctica II<\/li><li>Ejercicio de Integraci\u00f3n II<\/li><\/ol><p><strong>CUARTO TRIMESTRE<\/strong><\/p><ol><li>Patolog\u00eda III<\/li><li>Farmacolog\u00eda III<\/li><li>Proceso de Enfermer\u00eda en Cuidados Intensivos<\/li><li>Seminario de Investigaci\u00f3n III<\/li><li>Pr\u00e1ctica III<\/li><li>Ejercicio de integraci\u00f3n IV<\/li><\/ol><p><strong>QUINTO TRIMESTRE<\/strong><\/p><ol><li>Administraci\u00f3n y gesti\u00f3n de Enfermer\u00eda UCI<\/li><li>Legislaci\u00f3n en Enfermer\u00eda<\/li><li>Psicolog\u00eda Aplicada al Cuidado Cr\u00edtico<\/li><li>Seminario de investigaci\u00f3n IV<\/li><li>Pr\u00e1ctica IV<\/li><li>Ejercicio de Integraci\u00f3n V<\/li><\/ol><\/div>\n\t\t\t\t\t\t\t\t\t<div class=\"elementor-tab-title elementor-tab-mobile-title\" aria-selected=\"false\" data-tab=\"3\" role=\"tab\" tabindex=\"-1\" aria-controls=\"elementor-tab-content-1013\" aria-expanded=\"false\">Perfil de Egreso<\/div>\n\t\t\t\t\t<div id=\"elementor-tab-content-1013\" class=\"elementor-tab-content elementor-clearfix\" data-tab=\"3\" role=\"tabpanel\" aria-labelledby=\"elementor-tab-title-1013\" tabindex=\"0\" hidden=\"hidden\">Lorem ipsum dolor sit amet, consectetur adipiscing elit. Ut elit tellus, luctus nec ullamcorper mattis, pulvinar dapibus leo.<\/div>\n\t\t\t\t\t\t\t\t\t<div class=\"elementor-tab-title elementor-tab-mobile-title\" aria-selected=\"false\" data-tab=\"4\" role=\"tab\" tabindex=\"-1\" aria-controls=\"elementor-tab-content-1014\" aria-expanded=\"false\">Campo Laboral<\/div>\n\t\t\t\t\t<div id=\"elementor-tab-content-1014\" class=\"elementor-tab-content elementor-clearfix\" data-tab=\"4\" role=\"tabpanel\" aria-labelledby=\"elementor-tab-title-1014\" tabindex=\"0\" hidden=\"hidden\">Contenido de la pesta\u00f1a<\/div>\n\t\t\t\t\t\t\t<\/div>\n\t\t<\/div>\n\t\t\t\t<\/div>\n\t\t\t\t<\/div>\n\t\t\t\t\t<\/div>\n\t\t<\/div>\n\t\t\t\t<div class=\"elementor-column elementor-col-50 elementor-inner-column elementor-element elementor-element-f7fe24b\" data-id=\"f7fe24b\" data-element_type=\"column\">\n\t\t\t<div class=\"elementor-widget-wrap elementor-element-populated\">\n\t\t\t\t\t\t\t\t<div class=\"elementor-element elementor-element-491fc9b elementor-widget elementor-widget-image\" data-id=\"491fc9b\" data-element_type=\"widget\" data-widget_type=\"image.default\">\n\t\t\t\t<div class=\"elementor-widget-container\">\n\t\t\t\t\t\t\t\t\t\t\t\t\t\t\t<img loading=\"lazy\" decoding=\"async\" width=\"847\" height=\"847\" src=\"https:\/\/ucemtepic.edu.mx\/wp-content\/uploads\/2021\/05\/Programas-acade\u0301micos-21-1-1024x1024.jpg\" class=\"attachment-large size-large\" alt=\"\" srcset=\"https:\/\/ucemtepic.edu.mx\/wp-content\/uploads\/2021\/05\/Programas-acade\u0301micos-21-1-1024x1024.jpg 1024w, https:\/\/ucemtepic.edu.mx\/wp-content\/uploads\/2021\/05\/Programas-acade\u0301micos-21-1-300x300.jpg 300w, https:\/\/ucemtepic.edu.mx\/wp-content\/uploads\/2021\/05\/Programas-acade\u0301micos-21-1-150x150.jpg 150w, https:\/\/ucemtepic.edu.mx\/wp-content\/uploads\/2021\/05\/Programas-acade\u0301micos-21-1-768x768.jpg 768w, https:\/\/ucemtepic.edu.mx\/wp-content\/uploads\/2021\/05\/Programas-acade\u0301micos-21-1-270x270.jpg 270w, https:\/\/ucemtepic.edu.mx\/wp-content\/uploads\/2021\/05\/Programas-acade\u0301micos-21-1.jpg 1200w\" sizes=\"auto, (max-width: 847px) 100vw, 847px\" \/>\t\t\t\t\t\t\t\t\t\t\t\t\t\t\t<\/div>\n\t\t\t\t<\/div>\n\t\t\t\t\t<\/div>\n\t\t<\/div>\n\t\t\t\t\t\t\t<\/div>\n\t\t<\/section>\n\t\t\t\t\t<\/div>\n\t\t<\/div>\n\t\t\t\t\t\t\t<\/div>\n\t\t<\/section>\n\t\t\t\t<section class=\"elementor-section elementor-top-section elementor-element elementor-element-78f4851 elementor-section-boxed elementor-section-height-default elementor-section-height-default\" data-id=\"78f4851\" data-element_type=\"section\">\n\t\t\t\t\t\t<div class=\"elementor-container elementor-column-gap-default\">\n\t\t\t\t\t<div class=\"elementor-column elementor-col-100 elementor-top-column elementor-element elementor-element-2a6fb25\" data-id=\"2a6fb25\" data-element_type=\"column\">\n\t\t\t<div class=\"elementor-widget-wrap elementor-element-populated\">\n\t\t\t\t\t\t\t\t<div class=\"elementor-element elementor-element-6422a26 elementor-widget elementor-widget-spacer\" data-id=\"6422a26\" data-element_type=\"widget\" data-widget_type=\"spacer.default\">\n\t\t\t\t<div class=\"elementor-widget-container\">\n\t\t\t\t\t<div class=\"elementor-spacer\">\n\t\t\t<div class=\"elementor-spacer-inner\"><\/div>\n\t\t<\/div>\n\t\t\t\t<\/div>\n\t\t\t\t<\/div>\n\t\t\t\t\t<\/div>\n\t\t<\/div>\n\t\t\t\t\t\t\t<\/div>\n\t\t<\/section>\n\t\t\t\t<section class=\"elementor-section elementor-top-section elementor-element elementor-element-d7054d3 elementor-section-boxed elementor-section-height-default elementor-section-height-default\" data-id=\"d7054d3\" data-element_type=\"section\">\n\t\t\t\t\t\t<div class=\"elementor-container elementor-column-gap-default\">\n\t\t\t\t\t<div class=\"elementor-column elementor-col-100 elementor-top-column elementor-element elementor-element-0b9de77\" data-id=\"0b9de77\" data-element_type=\"column\">\n\t\t\t<div class=\"elementor-widget-wrap elementor-element-populated\">\n\t\t\t\t\t\t\t\t<div class=\"elementor-element elementor-element-d927900 elementor-align-justify elementor-widget elementor-widget-button\" data-id=\"d927900\" data-element_type=\"widget\" data-widget_type=\"button.default\">\n\t\t\t\t<div class=\"elementor-widget-container\">\n\t\t\t\t\t<div class=\"elementor-button-wrapper\">\n\t\t\t<a href=\"#\" class=\"elementor-button-link elementor-button elementor-size-sm\" role=\"button\">\n\t\t\t\t\t\t<span class=\"elementor-button-content-wrapper\">\n\t\t\t\t\t\t<span class=\"elementor-button-text\">\u00bfTe interesa estudiar una especialidad en la UCEM?<\/span>\n\t\t<\/span>\n\t\t\t\t\t<\/a>\n\t\t<\/div>\n\t\t\t\t<\/div>\n\t\t\t\t<\/div>\n\t\t\t\t\t<\/div>\n\t\t<\/div>\n\t\t\t\t\t\t\t<\/div>\n\t\t<\/section>\n\t\t\t\t\t\t<\/div>\n\t\t\t\t\t<\/div>\n\t\t","protected":false},"excerpt":{"rendered":"<p>Cuidados Intensivos La Especialidad de Enfermer\u00eda en Cuidados Intensivos es formar personal deenfermer\u00eda especialista en cuidados intensivos de manera integral y competentescon conocimientos, habilidades, actitudes y valores que le permiten proporcionarcuidados de calidad y de alta especializaci\u00f3n al paciente. Duraci\u00f3n <a href=\"https:\/\/ucemtepic.edu.mx\/index.php\/cuidados-intensivos-4\/\" class=\"read-more\">Leer m\u00e1s&#8230;<\/a><\/p>\n","protected":false},"author":1,"featured_media":0,"parent":0,"menu_order":0,"comment_status":"closed","ping_status":"closed","template":"","meta":{"footnotes":""},"class_list":["post-208","page","type-page","status-publish","hentry"],"_links":{"self":[{"href":"https:\/\/ucemtepic.edu.mx\/index.php\/wp-json\/wp\/v2\/pages\/208","targetHints":{"allow":["GET"]}}],"collection":[{"href":"https:\/\/ucemtepic.edu.mx\/index.php\/wp-json\/wp\/v2\/pages"}],"about":[{"href":"https:\/\/ucemtepic.edu.mx\/index.php\/wp-json\/wp\/v2\/types\/page"}],"author":[{"embeddable":true,"href":"https:\/\/ucemtepic.edu.mx\/index.php\/wp-json\/wp\/v2\/users\/1"}],"replies":[{"embeddable":true,"href":"https:\/\/ucemtepic.edu.mx\/index.php\/wp-json\/wp\/v2\/comments?post=208"}],"version-history":[{"count":28,"href":"https:\/\/ucemtepic.edu.mx\/index.php\/wp-json\/wp\/v2\/pages\/208\/revisions"}],"predecessor-version":[{"id":1615,"href":"https:\/\/ucemtepic.edu.mx\/index.php\/wp-json\/wp\/v2\/pages\/208\/revisions\/1615"}],"wp:attachment":[{"href":"https:\/\/ucemtepic.edu.mx\/index.php\/wp-json\/wp\/v2\/media?parent=208"}],"curies":[{"name":"wp","href":"https:\/\/api.w.org\/{rel}","templated":true}]}}