{"id":66,"date":"2021-04-23T03:06:13","date_gmt":"2021-04-23T03:06:13","guid":{"rendered":"https:\/\/ucemtepic.edu.mx\/?page_id=66"},"modified":"2022-08-15T16:02:56","modified_gmt":"2022-08-15T16:02:56","slug":"medicina-familiar","status":"publish","type":"page","link":"https:\/\/ucemtepic.edu.mx\/index.php\/medicina-familiar\/","title":{"rendered":"Especialidad en Enfermer\u00eda en Medicina de Familia"},"content":{"rendered":"\t\t<div data-elementor-type=\"wp-page\" data-elementor-id=\"66\" class=\"elementor elementor-66\" data-elementor-settings=\"[]\">\n\t\t\t\t\t\t\t<div class=\"elementor-section-wrap\">\n\t\t\t\t\t\t\t<section class=\"elementor-section elementor-top-section elementor-element elementor-element-f6e50fa elementor-section-boxed elementor-section-height-default elementor-section-height-default\" data-id=\"f6e50fa\" data-element_type=\"section\">\n\t\t\t\t\t\t<div class=\"elementor-container elementor-column-gap-default\">\n\t\t\t\t\t<div class=\"elementor-column elementor-col-100 elementor-top-column elementor-element elementor-element-b9ebe40\" data-id=\"b9ebe40\" data-element_type=\"column\">\n\t\t\t<div class=\"elementor-widget-wrap elementor-element-populated\">\n\t\t\t\t\t\t\t\t<div class=\"elementor-element elementor-element-9ca357a elementor-widget elementor-widget-heading\" data-id=\"9ca357a\" data-element_type=\"widget\" data-widget_type=\"heading.default\">\n\t\t\t\t<div class=\"elementor-widget-container\">\n\t\t\t<h2 class=\"elementor-heading-title elementor-size-large\">Enfermeria en Medicina de Familia<\/h2>\t\t<\/div>\n\t\t\t\t<\/div>\n\t\t\t\t\t<\/div>\n\t\t<\/div>\n\t\t\t\t\t\t\t<\/div>\n\t\t<\/section>\n\t\t\t\t<section class=\"elementor-section elementor-top-section elementor-element elementor-element-4395eec elementor-section-boxed elementor-section-height-default elementor-section-height-default\" data-id=\"4395eec\" data-element_type=\"section\">\n\t\t\t\t\t\t<div class=\"elementor-container elementor-column-gap-default\">\n\t\t\t\t\t<div class=\"elementor-column elementor-col-100 elementor-top-column elementor-element elementor-element-4d71072\" data-id=\"4d71072\" data-element_type=\"column\">\n\t\t\t<div class=\"elementor-widget-wrap elementor-element-populated\">\n\t\t\t\t\t\t\t\t<div class=\"elementor-element elementor-element-28de724 elementor-widget elementor-widget-text-editor\" data-id=\"28de724\" data-element_type=\"widget\" data-widget_type=\"text-editor.default\">\n\t\t\t\t<div class=\"elementor-widget-container\">\n\t\t\t\t\t\t\t<p>Formar especialistas en Enfermer\u00eda en Medicina de Familia, competentes,<br \/>reflexivos cr\u00edticos, e innovadores para el cuidado preventivo y rehabilitaci\u00f3n<br \/>de la salud del individuo y familia en Unidades de Primer Nivel de Atenci\u00f3n.<\/p><p><em><strong>Duraci\u00f3n 1 a\u00f1o 3 meses<\/strong><\/em><\/p>\t\t\t\t\t\t<\/div>\n\t\t\t\t<\/div>\n\t\t\t\t\t<\/div>\n\t\t<\/div>\n\t\t\t\t\t\t\t<\/div>\n\t\t<\/section>\n\t\t\t\t<section class=\"elementor-section elementor-top-section elementor-element elementor-element-b6c169a elementor-section-boxed elementor-section-height-default elementor-section-height-default\" data-id=\"b6c169a\" data-element_type=\"section\">\n\t\t\t\t\t\t<div class=\"elementor-container elementor-column-gap-default\">\n\t\t\t\t\t<div class=\"elementor-column elementor-col-100 elementor-top-column elementor-element elementor-element-1dacb90\" data-id=\"1dacb90\" data-element_type=\"column\">\n\t\t\t<div class=\"elementor-widget-wrap elementor-element-populated\">\n\t\t\t\t\t\t\t\t<section class=\"elementor-section elementor-inner-section elementor-element elementor-element-5f65d5e elementor-section-boxed elementor-section-height-default elementor-section-height-default\" data-id=\"5f65d5e\" data-element_type=\"section\">\n\t\t\t\t\t\t<div class=\"elementor-container elementor-column-gap-default\">\n\t\t\t\t\t<div class=\"elementor-column elementor-col-50 elementor-inner-column elementor-element elementor-element-c8bf2d1\" data-id=\"c8bf2d1\" data-element_type=\"column\">\n\t\t\t<div class=\"elementor-widget-wrap elementor-element-populated\">\n\t\t\t\t\t\t\t\t<div class=\"elementor-element elementor-element-83407be elementor-tabs-view-horizontal elementor-widget elementor-widget-tabs\" data-id=\"83407be\" data-element_type=\"widget\" data-widget_type=\"tabs.default\">\n\t\t\t\t<div class=\"elementor-widget-container\">\n\t\t\t\t\t<div class=\"elementor-tabs\">\n\t\t\t<div class=\"elementor-tabs-wrapper\" role=\"tablist\" >\n\t\t\t\t\t\t\t\t\t<div id=\"elementor-tab-title-1371\" class=\"elementor-tab-title elementor-tab-desktop-title\" aria-selected=\"true\" data-tab=\"1\" role=\"tab\" tabindex=\"0\" aria-controls=\"elementor-tab-content-1371\" aria-expanded=\"false\">Perfil de Ingreso<\/div>\n\t\t\t\t\t\t\t\t\t<div id=\"elementor-tab-title-1372\" class=\"elementor-tab-title elementor-tab-desktop-title\" aria-selected=\"false\" data-tab=\"2\" role=\"tab\" tabindex=\"-1\" aria-controls=\"elementor-tab-content-1372\" aria-expanded=\"false\">Programa de estudios<\/div>\n\t\t\t\t\t\t\t\t\t<div id=\"elementor-tab-title-1373\" class=\"elementor-tab-title elementor-tab-desktop-title\" aria-selected=\"false\" data-tab=\"3\" role=\"tab\" tabindex=\"-1\" aria-controls=\"elementor-tab-content-1373\" aria-expanded=\"false\">Perfil de Egreso<\/div>\n\t\t\t\t\t\t\t\t\t<div id=\"elementor-tab-title-1374\" class=\"elementor-tab-title elementor-tab-desktop-title\" aria-selected=\"false\" data-tab=\"4\" role=\"tab\" tabindex=\"-1\" aria-controls=\"elementor-tab-content-1374\" aria-expanded=\"false\">Campo Laboral<\/div>\n\t\t\t\t\t\t\t<\/div>\n\t\t\t<div class=\"elementor-tabs-content-wrapper\" role=\"tablist\" aria-orientation=\"vertical\">\n\t\t\t\t\t\t\t\t\t<div class=\"elementor-tab-title elementor-tab-mobile-title\" aria-selected=\"true\" data-tab=\"1\" role=\"tab\" tabindex=\"0\" aria-controls=\"elementor-tab-content-1371\" aria-expanded=\"false\">Perfil de Ingreso<\/div>\n\t\t\t\t\t<div id=\"elementor-tab-content-1371\" class=\"elementor-tab-content elementor-clearfix\" data-tab=\"1\" role=\"tabpanel\" aria-labelledby=\"elementor-tab-title-1371\" tabindex=\"0\" hidden=\"false\"><ul><li>Acta de nacimiento\u00a0<\/li><li>CURP<\/li><li>Certificado de licenciatura<\/li><li>T\u00edtulo de licenciatura<\/li><li>C\u00e9dula profesional<\/li><li>INE<\/li><li>Certificado de Bachillerato<\/li><li>Autenticidad de Bachillerato<\/li><\/ul><\/div>\n\t\t\t\t\t\t\t\t\t<div class=\"elementor-tab-title elementor-tab-mobile-title\" aria-selected=\"false\" data-tab=\"2\" role=\"tab\" tabindex=\"-1\" aria-controls=\"elementor-tab-content-1372\" aria-expanded=\"false\">Programa de estudios<\/div>\n\t\t\t\t\t<div id=\"elementor-tab-content-1372\" class=\"elementor-tab-content elementor-clearfix\" data-tab=\"2\" role=\"tabpanel\" aria-labelledby=\"elementor-tab-title-1372\" tabindex=\"0\" hidden=\"hidden\"><p><strong>PRIMER TRIMESTRE<\/strong><\/p><ol><li>La Historia de salud, Registros actividad y Sistemas de Informaci\u00f3n en Atenci\u00f3n Primaria en M\u00e9xico<\/li><li>Modelos de Salud P\u00fablica a Nivel Mundial<\/li><li>Pol\u00edticas y Salud P\u00fablica<\/li><li>El Proceso de Atenci\u00f3n de Enfermer\u00eda<\/li><li>Epidemiolog\u00eda<\/li><li>Investigaci\u00f3n Enfermera en Atenci\u00f3n primaria de la Situaci\u00f3n Actual<\/li><li>Ejercicio de Integraci\u00f3n I<\/li><\/ol><p><strong>SEGUNDO TRIMESTRE<\/strong><\/p><ol><li>Intervenci\u00f3n Familiar<\/li><li>La Educaci\u00f3n para la Salud (EPS) Metodolog\u00eda, Aplicaci\u00f3n y Uso<\/li><li>Salud y Familia<\/li><li>Medicina de Familia Basada en Evidencias<\/li><li>Bioestad\u00edstica<\/li><li>Investigaci\u00f3n de Enfermer\u00eda en atenci\u00f3n primaria, aspectos esenciales y herramientas metodol\u00f3gicas en diagn\u00f3sticos enfermeros<\/li><li>Ejercicios de Integraci\u00f3n II<\/li><\/ol><p><strong>TERCER TRIMESTRE<\/strong><\/p><ol><li>Filosof\u00eda, \u00e9tica y equidad de la salud<\/li><li>Competencias en el marco de la atenci\u00f3n primaria de salud<\/li><li>Atenci\u00f3n primaria de salud Vs Enfermer\u00eda Comunitaria<\/li><li>Gerencia y alta direcci\u00f3n en Servicios de Salud<\/li><li>Vigilancia epidemiol\u00f3gica<\/li><li>Investigaci\u00f3n Enfermera en atenci\u00f3n primaria; la pr\u00e1ctica basada en la evidencia<\/li><li>Ejercicio de Integraci\u00f3n III<\/li><\/ol><p><strong>CUARTO TRIMESTRE<\/strong><\/p><ol><li>La atenci\u00f3n enfermera en el \u00e1mbito familiar y comunitario<\/li><li>Coordinaci\u00f3n de recursos comunitarios, liderazgo del cuidado<\/li><li>La atenci\u00f3n enfermera en la infancia y adolescencia<\/li><li>La atenci\u00f3n enfermera a la salud sexual, reproductiva y de g\u00e9nero<\/li><li>La enfermera comunitaria de enlace: una propuesta para la mejora de la atenci\u00f3n domiciliaria<\/li><li>Pr\u00e1ctica Profesional I<\/li><li>Seminario de Tesis I (coloquio)<\/li><\/ol><p><strong>QUINTO TRIMESTRE<\/strong><\/p><ol><li>La atenci\u00f3n enfermera en la etapa adulta<\/li><li>La toma de decisiones en enfermer\u00eda comunitaria<\/li><li>Valores Psicol\u00f3gicos, gesti\u00f3n de personas<\/li><li>Cuidado de personas dependientes y violencia intrafamiliar<\/li><li>Cuidados informales y autocuidados<\/li><li>Pr\u00e1ctica Profesional II<\/li><li>Seminario de Tesis II (titulaci\u00f3n)<\/li><\/ol><\/div>\n\t\t\t\t\t\t\t\t\t<div class=\"elementor-tab-title elementor-tab-mobile-title\" aria-selected=\"false\" data-tab=\"3\" role=\"tab\" tabindex=\"-1\" aria-controls=\"elementor-tab-content-1373\" aria-expanded=\"false\">Perfil de Egreso<\/div>\n\t\t\t\t\t<div id=\"elementor-tab-content-1373\" class=\"elementor-tab-content elementor-clearfix\" data-tab=\"3\" role=\"tabpanel\" aria-labelledby=\"elementor-tab-title-1373\" tabindex=\"0\" hidden=\"hidden\">Lorem ipsum dolor sit amet, consectetur adipiscing elit. Ut elit tellus, luctus nec ullamcorper mattis, pulvinar dapibus leo.<\/div>\n\t\t\t\t\t\t\t\t\t<div class=\"elementor-tab-title elementor-tab-mobile-title\" aria-selected=\"false\" data-tab=\"4\" role=\"tab\" tabindex=\"-1\" aria-controls=\"elementor-tab-content-1374\" aria-expanded=\"false\">Campo Laboral<\/div>\n\t\t\t\t\t<div id=\"elementor-tab-content-1374\" class=\"elementor-tab-content elementor-clearfix\" data-tab=\"4\" role=\"tabpanel\" aria-labelledby=\"elementor-tab-title-1374\" tabindex=\"0\" hidden=\"hidden\">Contenido de la pesta\u00f1a<\/div>\n\t\t\t\t\t\t\t<\/div>\n\t\t<\/div>\n\t\t\t\t<\/div>\n\t\t\t\t<\/div>\n\t\t\t\t\t<\/div>\n\t\t<\/div>\n\t\t\t\t<div class=\"elementor-column elementor-col-50 elementor-inner-column elementor-element elementor-element-9e656e1\" data-id=\"9e656e1\" data-element_type=\"column\">\n\t\t\t<div class=\"elementor-widget-wrap elementor-element-populated\">\n\t\t\t\t\t\t\t\t<div class=\"elementor-element elementor-element-eabaab7 elementor-widget elementor-widget-image\" data-id=\"eabaab7\" data-element_type=\"widget\" data-widget_type=\"image.default\">\n\t\t\t\t<div class=\"elementor-widget-container\">\n\t\t\t\t\t\t\t\t\t\t\t\t\t\t\t<img loading=\"lazy\" decoding=\"async\" width=\"847\" height=\"847\" src=\"https:\/\/ucemtepic.edu.mx\/wp-content\/uploads\/2021\/05\/Programas-acade\u0301micos-19-1024x1024.jpg\" class=\"attachment-large size-large\" alt=\"\" srcset=\"https:\/\/ucemtepic.edu.mx\/wp-content\/uploads\/2021\/05\/Programas-acade\u0301micos-19-1024x1024.jpg 1024w, https:\/\/ucemtepic.edu.mx\/wp-content\/uploads\/2021\/05\/Programas-acade\u0301micos-19-300x300.jpg 300w, https:\/\/ucemtepic.edu.mx\/wp-content\/uploads\/2021\/05\/Programas-acade\u0301micos-19-150x150.jpg 150w, https:\/\/ucemtepic.edu.mx\/wp-content\/uploads\/2021\/05\/Programas-acade\u0301micos-19-768x768.jpg 768w, https:\/\/ucemtepic.edu.mx\/wp-content\/uploads\/2021\/05\/Programas-acade\u0301micos-19-270x270.jpg 270w, https:\/\/ucemtepic.edu.mx\/wp-content\/uploads\/2021\/05\/Programas-acade\u0301micos-19.jpg 1200w\" sizes=\"auto, (max-width: 847px) 100vw, 847px\" \/>\t\t\t\t\t\t\t\t\t\t\t\t\t\t\t<\/div>\n\t\t\t\t<\/div>\n\t\t\t\t\t<\/div>\n\t\t<\/div>\n\t\t\t\t\t\t\t<\/div>\n\t\t<\/section>\n\t\t\t\t\t<\/div>\n\t\t<\/div>\n\t\t\t\t\t\t\t<\/div>\n\t\t<\/section>\n\t\t\t\t<section class=\"elementor-section elementor-top-section elementor-element elementor-element-d8cdf8d elementor-section-boxed elementor-section-height-default elementor-section-height-default\" data-id=\"d8cdf8d\" data-element_type=\"section\">\n\t\t\t\t\t\t<div class=\"elementor-container elementor-column-gap-default\">\n\t\t\t\t\t<div class=\"elementor-column elementor-col-100 elementor-top-column elementor-element elementor-element-2d8c527\" data-id=\"2d8c527\" data-element_type=\"column\">\n\t\t\t<div class=\"elementor-widget-wrap elementor-element-populated\">\n\t\t\t\t\t\t\t\t<div class=\"elementor-element elementor-element-4962617 elementor-widget elementor-widget-spacer\" data-id=\"4962617\" data-element_type=\"widget\" data-widget_type=\"spacer.default\">\n\t\t\t\t<div class=\"elementor-widget-container\">\n\t\t\t\t\t<div class=\"elementor-spacer\">\n\t\t\t<div class=\"elementor-spacer-inner\"><\/div>\n\t\t<\/div>\n\t\t\t\t<\/div>\n\t\t\t\t<\/div>\n\t\t\t\t\t<\/div>\n\t\t<\/div>\n\t\t\t\t\t\t\t<\/div>\n\t\t<\/section>\n\t\t\t\t<section class=\"elementor-section elementor-top-section elementor-element elementor-element-bcf6c9b elementor-section-boxed elementor-section-height-default elementor-section-height-default\" data-id=\"bcf6c9b\" data-element_type=\"section\">\n\t\t\t\t\t\t<div class=\"elementor-container elementor-column-gap-default\">\n\t\t\t\t\t<div class=\"elementor-column elementor-col-100 elementor-top-column elementor-element elementor-element-09ceb9f\" data-id=\"09ceb9f\" data-element_type=\"column\">\n\t\t\t<div class=\"elementor-widget-wrap elementor-element-populated\">\n\t\t\t\t\t\t\t\t<div class=\"elementor-element elementor-element-1b2fab5 elementor-align-justify elementor-widget elementor-widget-button\" data-id=\"1b2fab5\" data-element_type=\"widget\" data-widget_type=\"button.default\">\n\t\t\t\t<div class=\"elementor-widget-container\">\n\t\t\t\t\t<div class=\"elementor-button-wrapper\">\n\t\t\t<a href=\"#\" class=\"elementor-button-link elementor-button elementor-size-sm\" role=\"button\">\n\t\t\t\t\t\t<span class=\"elementor-button-content-wrapper\">\n\t\t\t\t\t\t<span class=\"elementor-button-text\">\u00bfTe interesa estudiar una especialidad en la UCEM?<\/span>\n\t\t<\/span>\n\t\t\t\t\t<\/a>\n\t\t<\/div>\n\t\t\t\t<\/div>\n\t\t\t\t<\/div>\n\t\t\t\t\t<\/div>\n\t\t<\/div>\n\t\t\t\t\t\t\t<\/div>\n\t\t<\/section>\n\t\t\t\t\t\t<\/div>\n\t\t\t\t\t<\/div>\n\t\t","protected":false},"excerpt":{"rendered":"<p>Enfermeria en Medicina de Familia Formar especialistas en Enfermer\u00eda en Medicina de Familia, competentes,reflexivos cr\u00edticos, e innovadores para el cuidado preventivo y rehabilitaci\u00f3nde la salud del individuo y familia en Unidades de Primer Nivel de Atenci\u00f3n. Duraci\u00f3n 1 a\u00f1o 3 <a href=\"https:\/\/ucemtepic.edu.mx\/index.php\/medicina-familiar\/\" class=\"read-more\">Leer m\u00e1s&#8230;<\/a><\/p>\n","protected":false},"author":1,"featured_media":0,"parent":0,"menu_order":0,"comment_status":"closed","ping_status":"closed","template":"","meta":{"footnotes":""},"class_list":["post-66","page","type-page","status-publish","hentry"],"_links":{"self":[{"href":"https:\/\/ucemtepic.edu.mx\/index.php\/wp-json\/wp\/v2\/pages\/66","targetHints":{"allow":["GET"]}}],"collection":[{"href":"https:\/\/ucemtepic.edu.mx\/index.php\/wp-json\/wp\/v2\/pages"}],"about":[{"href":"https:\/\/ucemtepic.edu.mx\/index.php\/wp-json\/wp\/v2\/types\/page"}],"author":[{"embeddable":true,"href":"https:\/\/ucemtepic.edu.mx\/index.php\/wp-json\/wp\/v2\/users\/1"}],"replies":[{"embeddable":true,"href":"https:\/\/ucemtepic.edu.mx\/index.php\/wp-json\/wp\/v2\/comments?post=66"}],"version-history":[{"count":28,"href":"https:\/\/ucemtepic.edu.mx\/index.php\/wp-json\/wp\/v2\/pages\/66\/revisions"}],"predecessor-version":[{"id":1625,"href":"https:\/\/ucemtepic.edu.mx\/index.php\/wp-json\/wp\/v2\/pages\/66\/revisions\/1625"}],"wp:attachment":[{"href":"https:\/\/ucemtepic.edu.mx\/index.php\/wp-json\/wp\/v2\/media?parent=66"}],"curies":[{"name":"wp","href":"https:\/\/api.w.org\/{rel}","templated":true}]}}