{"id":71,"date":"2021-04-23T03:06:13","date_gmt":"2021-04-23T03:06:13","guid":{"rendered":"https:\/\/ucemtepic.edu.mx\/?page_id=71"},"modified":"2022-08-15T15:29:39","modified_gmt":"2022-08-15T15:29:39","slug":"administracion-y-docencia-2","status":"publish","type":"page","link":"https:\/\/ucemtepic.edu.mx\/index.php\/administracion-y-docencia-2\/","title":{"rendered":"Post\u00e9cnico de Enfermer\u00eda en Administraci\u00f3n y Docencia"},"content":{"rendered":"\t\t<div data-elementor-type=\"wp-page\" data-elementor-id=\"71\" class=\"elementor elementor-71\" data-elementor-settings=\"[]\">\n\t\t\t\t\t\t\t<div class=\"elementor-section-wrap\">\n\t\t\t\t\t\t\t<section class=\"elementor-section elementor-top-section elementor-element elementor-element-271900a elementor-section-boxed elementor-section-height-default elementor-section-height-default\" data-id=\"271900a\" data-element_type=\"section\">\n\t\t\t\t\t\t<div class=\"elementor-container elementor-column-gap-default\">\n\t\t\t\t\t<div class=\"elementor-column elementor-col-100 elementor-top-column elementor-element elementor-element-21e4423\" data-id=\"21e4423\" data-element_type=\"column\">\n\t\t\t<div class=\"elementor-widget-wrap elementor-element-populated\">\n\t\t\t\t\t\t\t\t<div class=\"elementor-element elementor-element-77b88e9 elementor-widget elementor-widget-heading\" data-id=\"77b88e9\" data-element_type=\"widget\" data-widget_type=\"heading.default\">\n\t\t\t\t<div class=\"elementor-widget-container\">\n\t\t\t<h2 class=\"elementor-heading-title elementor-size-large\">Descripci\u00f3n<\/h2>\t\t<\/div>\n\t\t\t\t<\/div>\n\t\t\t\t\t<\/div>\n\t\t<\/div>\n\t\t\t\t\t\t\t<\/div>\n\t\t<\/section>\n\t\t\t\t<section class=\"elementor-section elementor-top-section elementor-element elementor-element-f9446a7 elementor-section-boxed elementor-section-height-default elementor-section-height-default\" data-id=\"f9446a7\" data-element_type=\"section\">\n\t\t\t\t\t\t<div class=\"elementor-container elementor-column-gap-default\">\n\t\t\t\t\t<div class=\"elementor-column elementor-col-100 elementor-top-column elementor-element elementor-element-ff954d0\" data-id=\"ff954d0\" data-element_type=\"column\">\n\t\t\t<div class=\"elementor-widget-wrap elementor-element-populated\">\n\t\t\t\t\t\t\t\t<div class=\"elementor-element elementor-element-4116f47 elementor-widget elementor-widget-text-editor\" data-id=\"4116f47\" data-element_type=\"widget\" data-widget_type=\"text-editor.default\">\n\t\t\t\t<div class=\"elementor-widget-container\">\n\t\t\t\t\t\t\t<p>Lorem fistrum por la gloria de mi madre esse jarl aliqua llevame al sircoo. De la pradera ullamco qu\u00e9 dise usteer est\u00e1 la cosa muy malar.<\/p>\t\t\t\t\t\t<\/div>\n\t\t\t\t<\/div>\n\t\t\t\t\t<\/div>\n\t\t<\/div>\n\t\t\t\t\t\t\t<\/div>\n\t\t<\/section>\n\t\t\t\t<section class=\"elementor-section elementor-top-section elementor-element elementor-element-74ef6d9 elementor-section-boxed elementor-section-height-default elementor-section-height-default\" data-id=\"74ef6d9\" data-element_type=\"section\">\n\t\t\t\t\t\t<div class=\"elementor-container elementor-column-gap-default\">\n\t\t\t\t\t<div class=\"elementor-column elementor-col-100 elementor-top-column elementor-element elementor-element-c777145\" data-id=\"c777145\" data-element_type=\"column\">\n\t\t\t<div class=\"elementor-widget-wrap elementor-element-populated\">\n\t\t\t\t\t\t\t\t<section class=\"elementor-section elementor-inner-section elementor-element elementor-element-29ed5ee elementor-section-boxed elementor-section-height-default elementor-section-height-default\" data-id=\"29ed5ee\" data-element_type=\"section\">\n\t\t\t\t\t\t<div class=\"elementor-container elementor-column-gap-default\">\n\t\t\t\t\t<div class=\"elementor-column elementor-col-50 elementor-inner-column elementor-element elementor-element-0458c3d\" data-id=\"0458c3d\" data-element_type=\"column\">\n\t\t\t<div class=\"elementor-widget-wrap elementor-element-populated\">\n\t\t\t\t\t\t\t\t<div class=\"elementor-element elementor-element-acab290 elementor-tabs-view-horizontal elementor-widget elementor-widget-tabs\" data-id=\"acab290\" data-element_type=\"widget\" data-widget_type=\"tabs.default\">\n\t\t\t\t<div class=\"elementor-widget-container\">\n\t\t\t\t\t<div class=\"elementor-tabs\">\n\t\t\t<div class=\"elementor-tabs-wrapper\" role=\"tablist\" >\n\t\t\t\t\t\t\t\t\t<div id=\"elementor-tab-title-1811\" class=\"elementor-tab-title elementor-tab-desktop-title\" aria-selected=\"true\" data-tab=\"1\" role=\"tab\" tabindex=\"0\" aria-controls=\"elementor-tab-content-1811\" aria-expanded=\"false\">Perfil de Ingreso<\/div>\n\t\t\t\t\t\t\t\t\t<div id=\"elementor-tab-title-1812\" class=\"elementor-tab-title elementor-tab-desktop-title\" aria-selected=\"false\" data-tab=\"2\" role=\"tab\" tabindex=\"-1\" aria-controls=\"elementor-tab-content-1812\" aria-expanded=\"false\">Programa de estudios<\/div>\n\t\t\t\t\t\t\t\t\t<div id=\"elementor-tab-title-1813\" class=\"elementor-tab-title elementor-tab-desktop-title\" aria-selected=\"false\" data-tab=\"3\" role=\"tab\" tabindex=\"-1\" aria-controls=\"elementor-tab-content-1813\" aria-expanded=\"false\">Perfil de Egreso<\/div>\n\t\t\t\t\t\t\t\t\t<div id=\"elementor-tab-title-1814\" class=\"elementor-tab-title elementor-tab-desktop-title\" aria-selected=\"false\" data-tab=\"4\" role=\"tab\" tabindex=\"-1\" aria-controls=\"elementor-tab-content-1814\" aria-expanded=\"false\">Campo Laboral<\/div>\n\t\t\t\t\t\t\t<\/div>\n\t\t\t<div class=\"elementor-tabs-content-wrapper\" role=\"tablist\" aria-orientation=\"vertical\">\n\t\t\t\t\t\t\t\t\t<div class=\"elementor-tab-title elementor-tab-mobile-title\" aria-selected=\"true\" data-tab=\"1\" role=\"tab\" tabindex=\"0\" aria-controls=\"elementor-tab-content-1811\" aria-expanded=\"false\">Perfil de Ingreso<\/div>\n\t\t\t\t\t<div id=\"elementor-tab-content-1811\" class=\"elementor-tab-content elementor-clearfix\" data-tab=\"1\" role=\"tabpanel\" aria-labelledby=\"elementor-tab-title-1811\" tabindex=\"0\" hidden=\"false\"><div id=\"elementor-tab-content-1431\" class=\"elementor-tab-content elementor-clearfix elementor-active\" style=\"display: block;\" tabindex=\"0\" role=\"tabpanel\" data-tab=\"1\" aria-labelledby=\"elementor-tab-title-1431\"><ul><li>Acta de nacimiento<span class=\"Apple-converted-space\">\u00a0<\/span><\/li><li>Certificado de carrera t\u00e9cnica por la escuela de procedencia<span class=\"Apple-converted-space\">\u00a0<\/span><\/li><li>CURP<\/li><li>Certificado de secundaria<span class=\"Apple-converted-space\">\u00a0<\/span><\/li><li>T\u00edtulo t\u00e9cnico en enfermer\u00eda<\/li><li>Carta laboral<\/li><li>C\u00e9dula de carrera t\u00e9cnica<span class=\"Apple-converted-space\">\u00a0<\/span><\/li><li>Copia del INE<span class=\"Apple-converted-space\"> <br \/><\/span><\/li><\/ul><\/div><p>\u00a0<\/p><\/div>\n\t\t\t\t\t\t\t\t\t<div class=\"elementor-tab-title elementor-tab-mobile-title\" aria-selected=\"false\" data-tab=\"2\" role=\"tab\" tabindex=\"-1\" aria-controls=\"elementor-tab-content-1812\" aria-expanded=\"false\">Programa de estudios<\/div>\n\t\t\t\t\t<div id=\"elementor-tab-content-1812\" class=\"elementor-tab-content elementor-clearfix\" data-tab=\"2\" role=\"tabpanel\" aria-labelledby=\"elementor-tab-title-1812\" tabindex=\"0\" hidden=\"hidden\"><p><strong>PRIMER TRIMESTRE<\/strong><\/p><ol><li>An\u00e1lisis socioecon\u00f3mico mundial y de M\u00e9xico<\/li><li>Teor\u00edas y proceso de enfermer\u00eda<\/li><li>Metodolog\u00eda de la investigaci\u00f3n<\/li><li>Psicolog\u00eda de la salud<\/li><li>Epidemiolog\u00eda<\/li><li>Bases te\u00f3ricas de la administraci\u00f3n<\/li><li>Administraci\u00f3n en salud p\u00fablica<\/li><li>Auditoria de los servicios de salud<\/li><li>Pr\u00e1ctica Administrativa<\/li><li>Seminario de Investigaci\u00f3n I<\/li><li>Ejercicio de Integraci\u00f3n I<\/li><\/ol><p><strong>SEGUNDO SEMESTRE<\/strong><\/p><ol><li>Bio\u00e9tica y Tanatolog\u00eda<\/li><li>Bioestad\u00edstica<\/li><li>Legislaci\u00f3n en enfermer\u00eda<\/li><li>Psicolog\u00eda del aprendizaje<\/li><li>Teor\u00edas Educativas y dise\u00f1o curricular<\/li><li>Proceso ense\u00f1anza \u2013 aprendizaje<\/li><li>Did\u00e1ctica en enfermer\u00eda para la salud<\/li><li>Evaluaci\u00f3n Educativa<\/li><li>Pr\u00e1ctica educativa<\/li><li>Seminario de Investigaci\u00f3n II<\/li><li>Ejercicio de Integraci\u00f3n II<\/li><\/ol><\/div>\n\t\t\t\t\t\t\t\t\t<div class=\"elementor-tab-title elementor-tab-mobile-title\" aria-selected=\"false\" data-tab=\"3\" role=\"tab\" tabindex=\"-1\" aria-controls=\"elementor-tab-content-1813\" aria-expanded=\"false\">Perfil de Egreso<\/div>\n\t\t\t\t\t<div id=\"elementor-tab-content-1813\" class=\"elementor-tab-content elementor-clearfix\" data-tab=\"3\" role=\"tabpanel\" aria-labelledby=\"elementor-tab-title-1813\" tabindex=\"0\" hidden=\"hidden\">Lorem ipsum dolor sit amet, consectetur adipiscing elit. Ut elit tellus, luctus nec ullamcorper mattis, pulvinar dapibus leo.<\/div>\n\t\t\t\t\t\t\t\t\t<div class=\"elementor-tab-title elementor-tab-mobile-title\" aria-selected=\"false\" data-tab=\"4\" role=\"tab\" tabindex=\"-1\" aria-controls=\"elementor-tab-content-1814\" aria-expanded=\"false\">Campo Laboral<\/div>\n\t\t\t\t\t<div id=\"elementor-tab-content-1814\" class=\"elementor-tab-content elementor-clearfix\" data-tab=\"4\" role=\"tabpanel\" aria-labelledby=\"elementor-tab-title-1814\" tabindex=\"0\" hidden=\"hidden\">Contenido de la pesta\u00f1a<\/div>\n\t\t\t\t\t\t\t<\/div>\n\t\t<\/div>\n\t\t\t\t<\/div>\n\t\t\t\t<\/div>\n\t\t\t\t\t<\/div>\n\t\t<\/div>\n\t\t\t\t<div class=\"elementor-column elementor-col-50 elementor-inner-column elementor-element elementor-element-b093e63\" data-id=\"b093e63\" data-element_type=\"column\">\n\t\t\t<div class=\"elementor-widget-wrap elementor-element-populated\">\n\t\t\t\t\t\t\t\t<div class=\"elementor-element elementor-element-84ae073 elementor-widget elementor-widget-image\" data-id=\"84ae073\" data-element_type=\"widget\" data-widget_type=\"image.default\">\n\t\t\t\t<div class=\"elementor-widget-container\">\n\t\t\t\t\t\t\t\t\t\t\t\t\t\t\t<img loading=\"lazy\" decoding=\"async\" width=\"847\" height=\"847\" src=\"https:\/\/ucemtepic.edu.mx\/wp-content\/uploads\/2021\/05\/Programas-acade\u0301micos-23-1024x1024.jpg\" class=\"attachment-large size-large\" alt=\"\" srcset=\"https:\/\/ucemtepic.edu.mx\/wp-content\/uploads\/2021\/05\/Programas-acade\u0301micos-23-1024x1024.jpg 1024w, https:\/\/ucemtepic.edu.mx\/wp-content\/uploads\/2021\/05\/Programas-acade\u0301micos-23-300x300.jpg 300w, https:\/\/ucemtepic.edu.mx\/wp-content\/uploads\/2021\/05\/Programas-acade\u0301micos-23-150x150.jpg 150w, https:\/\/ucemtepic.edu.mx\/wp-content\/uploads\/2021\/05\/Programas-acade\u0301micos-23-768x768.jpg 768w, https:\/\/ucemtepic.edu.mx\/wp-content\/uploads\/2021\/05\/Programas-acade\u0301micos-23-270x270.jpg 270w, https:\/\/ucemtepic.edu.mx\/wp-content\/uploads\/2021\/05\/Programas-acade\u0301micos-23.jpg 1200w\" sizes=\"auto, (max-width: 847px) 100vw, 847px\" \/>\t\t\t\t\t\t\t\t\t\t\t\t\t\t\t<\/div>\n\t\t\t\t<\/div>\n\t\t\t\t\t<\/div>\n\t\t<\/div>\n\t\t\t\t\t\t\t<\/div>\n\t\t<\/section>\n\t\t\t\t\t<\/div>\n\t\t<\/div>\n\t\t\t\t\t\t\t<\/div>\n\t\t<\/section>\n\t\t\t\t\t\t<\/div>\n\t\t\t\t\t<\/div>\n\t\t","protected":false},"excerpt":{"rendered":"<p>Descripci\u00f3n Lorem fistrum por la gloria de mi madre esse jarl aliqua llevame al sircoo. De la pradera ullamco qu\u00e9 dise usteer est\u00e1 la cosa muy malar. Perfil de Ingreso Programa de estudios Perfil de Egreso Campo Laboral Perfil de <a href=\"https:\/\/ucemtepic.edu.mx\/index.php\/administracion-y-docencia-2\/\" class=\"read-more\">Leer m\u00e1s&#8230;<\/a><\/p>\n","protected":false},"author":1,"featured_media":0,"parent":0,"menu_order":0,"comment_status":"closed","ping_status":"closed","template":"","meta":{"footnotes":""},"class_list":["post-71","page","type-page","status-publish","hentry"],"_links":{"self":[{"href":"https:\/\/ucemtepic.edu.mx\/index.php\/wp-json\/wp\/v2\/pages\/71","targetHints":{"allow":["GET"]}}],"collection":[{"href":"https:\/\/ucemtepic.edu.mx\/index.php\/wp-json\/wp\/v2\/pages"}],"about":[{"href":"https:\/\/ucemtepic.edu.mx\/index.php\/wp-json\/wp\/v2\/types\/page"}],"author":[{"embeddable":true,"href":"https:\/\/ucemtepic.edu.mx\/index.php\/wp-json\/wp\/v2\/users\/1"}],"replies":[{"embeddable":true,"href":"https:\/\/ucemtepic.edu.mx\/index.php\/wp-json\/wp\/v2\/comments?post=71"}],"version-history":[{"count":18,"href":"https:\/\/ucemtepic.edu.mx\/index.php\/wp-json\/wp\/v2\/pages\/71\/revisions"}],"predecessor-version":[{"id":1591,"href":"https:\/\/ucemtepic.edu.mx\/index.php\/wp-json\/wp\/v2\/pages\/71\/revisions\/1591"}],"wp:attachment":[{"href":"https:\/\/ucemtepic.edu.mx\/index.php\/wp-json\/wp\/v2\/media?parent=71"}],"curies":[{"name":"wp","href":"https:\/\/api.w.org\/{rel}","templated":true}]}}